{"id":9,"date":"2017-07-28T08:22:32","date_gmt":"2017-07-28T06:22:32","guid":{"rendered":"http:\/\/serwer1734277.home.pl\/?page_id=9"},"modified":"2025-10-06T16:42:05","modified_gmt":"2025-10-06T14:42:05","slug":"kontakt","status":"publish","type":"page","link":"https:\/\/www.aktywnyseniormm.pl\/index.php\/kontakt\/","title":{"rendered":"Kontakt"},"content":{"rendered":"<p><strong>STOWARZYSZENIE RADO\u015a\u0106 TRZECIEGO WIEKU w Mi\u0144sku Mazowieckim<\/strong><\/p>\n<p><strong>ul. Warszawska 173<br \/>\n<\/strong><strong>05-300 Mi\u0144sk Mazowiecki<\/strong><\/p>\n<p>Nr KRS: 0000333146<\/p>\n<p>NIP: 8222294331<\/p>\n<p>Nr konta: <strong>10 9226 0005 0010 3349 2000 0010<\/strong><\/p>\n<p>Telefon:\u00a0\u00a0<strong>508 315 912\u00a0 \u00a0<\/strong><strong>(dost\u0119pny\u00a0 pon. &#8211; pt. w godz. 12.00 &#8211; 15.00)<br \/>\n<\/strong>Email:\u00a0<a href=\"mailto:%7B%7Bemail%7Dstowarzyszeniertwmm@o2.pl\"><strong>stowarzyszeniertwmm@o2.pl<\/strong><\/a><\/p>\n<p>Strona internetowa: www.aktywnyseniormm.pl<\/p>\n<p>Jak do nas trafi\u0107:<\/p>\n<ul>\n<li>Siedziba Stowarzyszenia &#8211; czerwony podskakuj\u0105cy marker (prawy)<\/li>\n<li>dojazd do siedziby &#8211; \u017c\u00f3\u0142ta linia (pocz\u0105tek przy bramie wjazdowej do Pa\u0142acu Derna\u0142owicz\u00f3w)<\/li>\n<li>Sala wyk\u0142adowa w Szkole Artystycznej &#8211; czerwony statyczny marker (lewy)<\/li>\n<\/ul>\n<div id=\"wpgmza_map\" class=\"wpgmza_map\" data-settings='{\"id\":\"1\",\"map_title\":\"Siedziba Stowarzyszenia\",\"map_width\":\"100\",\"map_height\":\"400\",\"map_start_lat\":\"52.181779\",\"map_start_lng\":\"21.562499\",\"map_start_location\":\"52.18177934661807,21.562499127321644\",\"map_start_zoom\":\"16\",\"default_marker\":\"0\",\"type\":\"3\",\"alignment\":\"2\",\"directions_enabled\":\"1\",\"styling_enabled\":\"0\",\"styling_json\":\"\",\"active\":\"0\",\"kml\":\"\",\"bicycle\":\"0\",\"traffic\":\"0\",\"dbox\":\"1\",\"dbox_width\":\"100\",\"listmarkers\":\"0\",\"listmarkers_advanced\":\"0\",\"filterbycat\":\"0\",\"ugm_enabled\":\"0\",\"ugm_category_enabled\":\"0\",\"fusion\":\"\",\"map_width_type\":\"\\\\%\",\"map_height_type\":\"px\",\"mass_marker_support\":\"1\",\"ugm_access\":\"0\",\"order_markers_by\":\"1\",\"order_markers_choice\":\"2\",\"show_user_location\":\"0\",\"default_to\":\"\",\"other_settings\":{\"store_locator_enabled\":2,\"store_locator_distance\":2,\"store_locator_default_radius\":\"10\",\"store_locator_not_found_message\":\"No results found in this location. Please try again.\",\"store_locator_bounce\":1,\"store_locator_query_string\":\"ZIP \\\/ Address:\",\"store_locator_default_address\":\"\",\"wpgmza_store_locator_restrict\":\"\",\"map_max_zoom\":\"1\",\"transport_layer\":0,\"wpgmza_theme_data\":\"\",\"wpgmza_show_points_of_interest\":1}}' data-map-id='1' Data-maps-engine='' data-shortcode-attributes='{\"id\":\"1\"}' style=\"display:block; overflow:auto; width:100%; height:400px; float:left;\"><\/div>\n","protected":false},"excerpt":{"rendered":"<p>STOWARZYSZENIE RADO\u015a\u0106 TRZECIEGO WIEKU w Mi\u0144sku Mazowieckim ul. Warszawska 173 05-300 Mi\u0144sk Mazowiecki Nr KRS: 0000333146 NIP: 8222294331 Nr konta: 10 9226 0005 0010 3349 2000 0010 Telefon:\u00a0\u00a0508 315 912\u00a0 \u00a0(dost\u0119pny\u00a0 pon. &#8211; pt. w godz. 12.00 &#8211; 15.00) Email:\u00a0stowarzyszeniertwmm@o2.pl Strona internetowa: www.aktywnyseniormm.pl Jak do nas trafi\u0107: Siedziba Stowarzyszenia &#8211; czerwony podskakuj\u0105cy marker (prawy) dojazd do siedziby &#8211; \u017c\u00f3\u0142ta linia <span class=\"more-button\"><a class=\"more-link\" href=\"https:\/\/www.aktywnyseniormm.pl\/index.php\/kontakt\/\">Czytaj ca\u0142o\u015b\u0107<\/a><\/span><\/p>\n","protected":false},"author":1,"featured_media":0,"parent":0,"menu_order":0,"comment_status":"closed","ping_status":"closed","template":"","meta":{"footnotes":""},"class_list":["post-9","page","type-page","status-publish","hentry"],"_links":{"self":[{"href":"https:\/\/www.aktywnyseniormm.pl\/index.php\/wp-json\/wp\/v2\/pages\/9","targetHints":{"allow":["GET"]}}],"collection":[{"href":"https:\/\/www.aktywnyseniormm.pl\/index.php\/wp-json\/wp\/v2\/pages"}],"about":[{"href":"https:\/\/www.aktywnyseniormm.pl\/index.php\/wp-json\/wp\/v2\/types\/page"}],"author":[{"embeddable":true,"href":"https:\/\/www.aktywnyseniormm.pl\/index.php\/wp-json\/wp\/v2\/users\/1"}],"replies":[{"embeddable":true,"href":"https:\/\/www.aktywnyseniormm.pl\/index.php\/wp-json\/wp\/v2\/comments?post=9"}],"version-history":[{"count":9,"href":"https:\/\/www.aktywnyseniormm.pl\/index.php\/wp-json\/wp\/v2\/pages\/9\/revisions"}],"predecessor-version":[{"id":15545,"href":"https:\/\/www.aktywnyseniormm.pl\/index.php\/wp-json\/wp\/v2\/pages\/9\/revisions\/15545"}],"wp:attachment":[{"href":"https:\/\/www.aktywnyseniormm.pl\/index.php\/wp-json\/wp\/v2\/media?parent=9"}],"curies":[{"name":"wp","href":"https:\/\/api.w.org\/{rel}","templated":true}]}}