{"id":8,"date":"2017-07-28T08:22:32","date_gmt":"2017-07-28T06:22:32","guid":{"rendered":"http:\/\/serwer1734277.home.pl\/?page_id=8"},"modified":"2024-11-30T18:32:05","modified_gmt":"2024-11-30T17:32:05","slug":"o-nas","status":"publish","type":"page","link":"https:\/\/www.aktywnyseniormm.pl\/index.php\/o-nas\/","title":{"rendered":"O nas"},"content":{"rendered":"<p style=\"text-align: justify;\"><a href=\"http:\/\/www.aktywnyseniormm.pl\/wp-content\/uploads\/2017\/07\/cropped-cropped-logo.png\"><img loading=\"lazy\" decoding=\"async\" class=\"alignright size-full wp-image-1726\" src=\"http:\/\/www.aktywnyseniormm.pl\/wp-content\/uploads\/2017\/07\/cropped-cropped-logo.png\" alt=\"\" width=\"300\" height=\"300\" srcset=\"https:\/\/www.aktywnyseniormm.pl\/wp-content\/uploads\/2017\/07\/cropped-cropped-logo.png 300w, https:\/\/www.aktywnyseniormm.pl\/wp-content\/uploads\/2017\/07\/cropped-cropped-logo-150x150.png 150w\" sizes=\"auto, (max-width: 300px) 100vw, 300px\" \/><\/a>Stowarzyszenie &#8222;Rado\u015b\u0107 Trzeciego Wieku&#8221; w Mi\u0144sku Mazowieckim powsta\u0142o wiosn\u0105 2009 roku. Osobowo\u015b\u0107 prawn\u0105 uzyska\u0142o z dniem rejestracji w KRS w dniu 11 lipca 2009 roku.<\/p>\n<p style=\"text-align: justify;\">Podstawowym zadaniem statutowym jest organizacja dzia\u0142alno\u015bci Mi\u0144skiego UTW oraz praca na rzecz senior\u00f3w z miasta i powiatu mi\u0144skiego.<\/p>\n<p style=\"text-align: justify;\">Uniwersytet powo\u0142any zosta\u0142 do \u017cycia w lutym 2007 roku z inicjatywy \u00f3wczesnego Burmistrza Miasta Pana Zbigniewa Grzesiaka i funkcjonowa\u0142 w ramach Miejskiego Domu Kultury. Ci\u0119\u017car organizacji przyj\u0119\u0142y na siebie: pani Marianna G\u00f3rska &#8211; znana dzia\u0142aczka o\u015bwiatowa oraz pani El\u017cbieta Kali\u0144ska &#8211; \u00f3wczesna dyrektorka MDK.<\/p>\n<p style=\"text-align: justify;\">Z uwagi na zaistnia\u0142e w\u00f3wczas okoliczno\u015bci powo\u0142ano Stowarzyszenie &#8222;RTW&#8221;, co pozwoli\u0142o usamodzielni\u0107 si\u0119 w zakresie organizacyjnym i finansowym. Dzia\u0142alno\u015b\u0107 prowadzona jest o prac\u0119 wolontariuszy.<\/p>\n<p style=\"text-align: justify;\">Na corocznym Walnym Zebraniu Cz\u0142onk\u00f3w dokonuje si\u0119 analizy przyj\u0119tych zada\u0144, ustala kierunki dalszego dzia\u0142ania oraz przedstawiane jest sprawozdanie finansowe.<\/p>\n<p style=\"text-align: justify;\">O popularno\u015bci MUTW \u015bwiadczy stale rosn\u0105ca liczba s\u0142uchaczy: od 90 os\u00f3b w roku 2007 do 250 w roku 2017.<\/p>\n<p style=\"text-align: justify;\">Patronat honorowy nad MUTW przyj\u0119li Burmistrz Miasta i Starosta Powiatowy.<\/p>\n<p style=\"text-align: justify;\">Dzi\u0119ki \u017cyczliwo\u015bci w\u0142adz miasta, powiatu oraz plac\u00f3wek kulturalno &#8211; o\u015bwiatowych w mie\u015bcie, mo\u017cliwe jest prowadzenie r\u00f3\u017cnorodnych zaj\u0119\u0107 dla tak licznej grupy s\u0142uchaczy. Prowadzimy r\u00f3wnie\u017c dzia\u0142ania prospo\u0142eczne: PUDE\u0141KO \u017bYCIA, organizacja Dnia Seniora, alejka RTW i wyk\u0142ady otwarte.<\/p>\n","protected":false},"excerpt":{"rendered":"<p>Stowarzyszenie &#8222;Rado\u015b\u0107 Trzeciego Wieku&#8221; w Mi\u0144sku Mazowieckim powsta\u0142o wiosn\u0105 2009 roku. Osobowo\u015b\u0107 prawn\u0105 uzyska\u0142o z dniem rejestracji w KRS w dniu 11 lipca 2009 roku. Podstawowym zadaniem statutowym jest organizacja dzia\u0142alno\u015bci Mi\u0144skiego UTW oraz praca na rzecz senior\u00f3w z miasta i powiatu mi\u0144skiego. Uniwersytet powo\u0142any zosta\u0142 do \u017cycia w lutym 2007 roku z inicjatywy \u00f3wczesnego Burmistrza Miasta Pana Zbigniewa Grzesiaka <span class=\"more-button\"><a class=\"more-link\" href=\"https:\/\/www.aktywnyseniormm.pl\/index.php\/o-nas\/\">Czytaj ca\u0142o\u015b\u0107<\/a><\/span><\/p>\n","protected":false},"author":1,"featured_media":0,"parent":0,"menu_order":0,"comment_status":"closed","ping_status":"closed","template":"","meta":{"footnotes":""},"class_list":["post-8","page","type-page","status-publish","hentry"],"_links":{"self":[{"href":"https:\/\/www.aktywnyseniormm.pl\/index.php\/wp-json\/wp\/v2\/pages\/8","targetHints":{"allow":["GET"]}}],"collection":[{"href":"https:\/\/www.aktywnyseniormm.pl\/index.php\/wp-json\/wp\/v2\/pages"}],"about":[{"href":"https:\/\/www.aktywnyseniormm.pl\/index.php\/wp-json\/wp\/v2\/types\/page"}],"author":[{"embeddable":true,"href":"https:\/\/www.aktywnyseniormm.pl\/index.php\/wp-json\/wp\/v2\/users\/1"}],"replies":[{"embeddable":true,"href":"https:\/\/www.aktywnyseniormm.pl\/index.php\/wp-json\/wp\/v2\/comments?post=8"}],"version-history":[{"count":5,"href":"https:\/\/www.aktywnyseniormm.pl\/index.php\/wp-json\/wp\/v2\/pages\/8\/revisions"}],"predecessor-version":[{"id":1743,"href":"https:\/\/www.aktywnyseniormm.pl\/index.php\/wp-json\/wp\/v2\/pages\/8\/revisions\/1743"}],"wp:attachment":[{"href":"https:\/\/www.aktywnyseniormm.pl\/index.php\/wp-json\/wp\/v2\/media?parent=8"}],"curies":[{"name":"wp","href":"https:\/\/api.w.org\/{rel}","templated":true}]}}