{"id":76,"date":"2017-07-28T09:12:31","date_gmt":"2017-07-28T07:12:31","guid":{"rendered":"http:\/\/serwer1734277.home.pl\/?page_id=76"},"modified":"2017-08-24T15:21:49","modified_gmt":"2017-08-24T13:21:49","slug":"czlonkowie-stowarzyszenia","status":"publish","type":"page","link":"https:\/\/www.aktywnyseniormm.pl\/index.php\/o-nas\/czlonkowie-stowarzyszenia\/","title":{"rendered":"Cz\u0142onkostwa Stowarzyszenia"},"content":{"rendered":"<div id=\"attachment_267\" style=\"width: 610px\" class=\"wp-caption aligncenter\"><a href=\"http:\/\/www.aktywnyseniormm.pl\/wp-content\/uploads\/2017\/07\/czlonkostwo.png\"><img loading=\"lazy\" decoding=\"async\" aria-describedby=\"caption-attachment-267\" class=\"wp-image-267\" src=\"http:\/\/www.aktywnyseniormm.pl\/wp-content\/uploads\/2017\/07\/czlonkostwo-300x182.png\" alt=\"Potwierdzenie przyj\u0119cia do Og\u00f3lnopolskiego Porozumienia UTW\" width=\"600\" height=\"365\" srcset=\"https:\/\/www.aktywnyseniormm.pl\/wp-content\/uploads\/2017\/07\/czlonkostwo-300x182.png 300w, https:\/\/www.aktywnyseniormm.pl\/wp-content\/uploads\/2017\/07\/czlonkostwo-768x467.png 768w, https:\/\/www.aktywnyseniormm.pl\/wp-content\/uploads\/2017\/07\/czlonkostwo.png 900w\" sizes=\"auto, (max-width: 600px) 100vw, 600px\" \/><\/a><p id=\"caption-attachment-267\" class=\"wp-caption-text\">Potwierdzenie przyj\u0119cia do Og\u00f3lnopolskiego Porozumienia UTW<\/p><\/div>\n<p style=\"text-align: justify;\"><strong>Z przyjemno\u015bci\u0105 informujemy Pa\u0144stwa, \u017ce Stowarzyszenie nasze zosta\u0142o przyj\u0119te do Og\u00f3lnopolskiego Porozumienia UTW z siedzib\u0105 w Warszawie. Porozumienie jest najwi\u0119ksz\u0105 organizacj\u0105 przedstawicielsk\u0105 UTW w Polsce. Skupia ok. 30 000 s\u0142uchaczy z 136 uniwersytet\u00f3w\/ w tym 4 UTW z Litwy i 1 z Austrii\/.<\/strong><\/p>\n<p style=\"text-align: justify;\"><strong>W ostatnim czasie Porozumienie przekszta\u0142ci\u0142o si\u0119 w Fundacj\u0119 OPUTW. Uzyskanie osobowo\u015bci prawnej pozwala na przyst\u0119powanie do konkurs\u00f3w grantowych, pozyskiwanie sponsor\u00f3w. Prezesem jest Pani Krystyna Lewkowicz www.fundacjaoptuw.pl W dn. 19 listopada 2015r. Zarz\u0105d Stowarzyszenia? Rado\u015b\u0107 Trzeciego Wieku? z\u0142o\u017cy\u0142 deklaracj\u0119 przyst\u0105pienia do Og\u00f3lnopolskiego Porozumienia.<\/strong><\/p>\n<p style=\"text-align: justify;\"><strong>W d. 26 listopada br. otrzymali\u015bmy oficjalne potwierdzenie przyj\u0119cia . Mamy nadziej\u0119, \u017ce udzia\u0142 w zadaniach realizowanych w ramach Porozumienia wzbogaci nasze formy dzia\u0142ania, pozwoli zaprzyja\u017ani\u0107 si\u0119 z innymi UTW, pozna\u0107 ciekawych ludzi, uczestniczy\u0107 w ciekawych inicjatywach. Zarz\u0105d Stowarzyszenia ?RTW? w Mi\u0144sku Mazowieckim<\/strong><\/p>\n","protected":false},"excerpt":{"rendered":"<p>Z przyjemno\u015bci\u0105 informujemy Pa\u0144stwa, \u017ce Stowarzyszenie nasze zosta\u0142o przyj\u0119te do Og\u00f3lnopolskiego Porozumienia UTW z siedzib\u0105 w Warszawie. Porozumienie jest najwi\u0119ksz\u0105 organizacj\u0105 przedstawicielsk\u0105 UTW w Polsce. Skupia ok. 30 000 s\u0142uchaczy z 136 uniwersytet\u00f3w\/ w tym 4 UTW z Litwy i 1 z Austrii\/. W ostatnim czasie Porozumienie przekszta\u0142ci\u0142o si\u0119 w Fundacj\u0119 OPUTW. Uzyskanie osobowo\u015bci prawnej pozwala na przyst\u0119powanie do konkurs\u00f3w <span class=\"more-button\"><a class=\"more-link\" href=\"https:\/\/www.aktywnyseniormm.pl\/index.php\/o-nas\/czlonkowie-stowarzyszenia\/\">Czytaj ca\u0142o\u015b\u0107<\/a><\/span><\/p>\n","protected":false},"author":1,"featured_media":0,"parent":8,"menu_order":0,"comment_status":"closed","ping_status":"closed","template":"","meta":{"footnotes":""},"class_list":["post-76","page","type-page","status-publish","hentry"],"_links":{"self":[{"href":"https:\/\/www.aktywnyseniormm.pl\/index.php\/wp-json\/wp\/v2\/pages\/76","targetHints":{"allow":["GET"]}}],"collection":[{"href":"https:\/\/www.aktywnyseniormm.pl\/index.php\/wp-json\/wp\/v2\/pages"}],"about":[{"href":"https:\/\/www.aktywnyseniormm.pl\/index.php\/wp-json\/wp\/v2\/types\/page"}],"author":[{"embeddable":true,"href":"https:\/\/www.aktywnyseniormm.pl\/index.php\/wp-json\/wp\/v2\/users\/1"}],"replies":[{"embeddable":true,"href":"https:\/\/www.aktywnyseniormm.pl\/index.php\/wp-json\/wp\/v2\/comments?post=76"}],"version-history":[{"count":4,"href":"https:\/\/www.aktywnyseniormm.pl\/index.php\/wp-json\/wp\/v2\/pages\/76\/revisions"}],"predecessor-version":[{"id":4221,"href":"https:\/\/www.aktywnyseniormm.pl\/index.php\/wp-json\/wp\/v2\/pages\/76\/revisions\/4221"}],"up":[{"embeddable":true,"href":"https:\/\/www.aktywnyseniormm.pl\/index.php\/wp-json\/wp\/v2\/pages\/8"}],"wp:attachment":[{"href":"https:\/\/www.aktywnyseniormm.pl\/index.php\/wp-json\/wp\/v2\/media?parent=76"}],"curies":[{"name":"wp","href":"https:\/\/api.w.org\/{rel}","templated":true}]}}