{"id":72,"date":"2017-07-28T09:11:28","date_gmt":"2017-07-28T07:11:28","guid":{"rendered":"http:\/\/serwer1734277.home.pl\/?page_id=72"},"modified":"2025-10-05T17:18:53","modified_gmt":"2025-10-05T15:18:53","slug":"czlonkowie-zwyczajni","status":"publish","type":"page","link":"https:\/\/www.aktywnyseniormm.pl\/index.php\/o-nas\/czlonkowie-zwyczajni\/","title":{"rendered":"Cz\u0142onkowie zwyczajni"},"content":{"rendered":"\n<p>Wed\u0142ug stanu na dzie\u0144\u00a0 <strong>05.10.2024 r<\/strong>. Stowarzyszenie &#8222;Rado\u015b\u0107 Trzeciego Wieku&#8221; zrzesza <strong>389 cz\u0142onk\u00f3w<\/strong><\/p>\n<p>Wed\u0142ug stanu na dzie\u0144 <strong>01.03.2023 r.<\/strong> Stowarzyszenie &#8222;Rado\u015b\u0107 Trzeciego Wieku&#8221; zrzesza <strong>362 cz\u0142onk\u00f3w<\/strong><\/p>\n\n\n\n<p>Wed\u0142ug stanu na dzie\u0144 <strong>02.03.2022 r.<\/strong> Stowarzyszenie &#8222;Rado\u015b\u0107 Trzeciego Wieku&#8221; zrzesza\u0142o <strong>309 cz\u0142onk\u00f3w <\/strong><\/p>\n\n\n\n<p>Wed\u0142ug stanu na dzie\u0144 <strong>1.10.2016 r. <\/strong>Stowarzyszenie &#8222;Rado\u015b\u0107 Trzeciego Wieku&#8221; zrzesza\u0142o <strong>220 cz\u0142onk\u00f3w <\/strong><\/p>\n","protected":false},"excerpt":{"rendered":"<p>Wed\u0142ug stanu na dzie\u0144\u00a0 05.10.2024 r. Stowarzyszenie &#8222;Rado\u015b\u0107 Trzeciego Wieku&#8221; zrzesza 389 cz\u0142onk\u00f3w Wed\u0142ug stanu na dzie\u0144 01.03.2023 r. Stowarzyszenie &#8222;Rado\u015b\u0107 Trzeciego Wieku&#8221; zrzesza 362 cz\u0142onk\u00f3w Wed\u0142ug stanu na dzie\u0144 02.03.2022 r. Stowarzyszenie &#8222;Rado\u015b\u0107 Trzeciego Wieku&#8221; zrzesza\u0142o 309 cz\u0142onk\u00f3w Wed\u0142ug stanu na dzie\u0144 1.10.2016 r. Stowarzyszenie &#8222;Rado\u015b\u0107 Trzeciego Wieku&#8221; zrzesza\u0142o 220 cz\u0142onk\u00f3w<\/p>\n","protected":false},"author":1,"featured_media":0,"parent":8,"menu_order":0,"comment_status":"closed","ping_status":"closed","template":"","meta":{"footnotes":""},"class_list":["post-72","page","type-page","status-publish","hentry"],"_links":{"self":[{"href":"https:\/\/www.aktywnyseniormm.pl\/index.php\/wp-json\/wp\/v2\/pages\/72","targetHints":{"allow":["GET"]}}],"collection":[{"href":"https:\/\/www.aktywnyseniormm.pl\/index.php\/wp-json\/wp\/v2\/pages"}],"about":[{"href":"https:\/\/www.aktywnyseniormm.pl\/index.php\/wp-json\/wp\/v2\/types\/page"}],"author":[{"embeddable":true,"href":"https:\/\/www.aktywnyseniormm.pl\/index.php\/wp-json\/wp\/v2\/users\/1"}],"replies":[{"embeddable":true,"href":"https:\/\/www.aktywnyseniormm.pl\/index.php\/wp-json\/wp\/v2\/comments?post=72"}],"version-history":[{"count":7,"href":"https:\/\/www.aktywnyseniormm.pl\/index.php\/wp-json\/wp\/v2\/pages\/72\/revisions"}],"predecessor-version":[{"id":15542,"href":"https:\/\/www.aktywnyseniormm.pl\/index.php\/wp-json\/wp\/v2\/pages\/72\/revisions\/15542"}],"up":[{"embeddable":true,"href":"https:\/\/www.aktywnyseniormm.pl\/index.php\/wp-json\/wp\/v2\/pages\/8"}],"wp:attachment":[{"href":"https:\/\/www.aktywnyseniormm.pl\/index.php\/wp-json\/wp\/v2\/media?parent=72"}],"curies":[{"name":"wp","href":"https:\/\/api.w.org\/{rel}","templated":true}]}}