{"id":708,"date":"2017-08-08T08:40:14","date_gmt":"2017-08-08T06:40:14","guid":{"rendered":"http:\/\/serwer1734277.home.pl\/?page_id=708"},"modified":"2017-08-08T08:43:54","modified_gmt":"2017-08-08T06:43:54","slug":"miasto-wyklady","status":"publish","type":"page","link":"https:\/\/www.aktywnyseniormm.pl\/index.php\/zadania-publiczne-projekty\/as-zs-minsk-mazowiecki\/miasto-wyklady\/","title":{"rendered":"AS-ZS ? Miasta Mi\u0144sk Mazowiecki &#8211; wyk\u0142ady"},"content":{"rendered":"\n\t\t<style type=\"text\/css\">\n\t\t\t#gallery-1 {\n\t\t\t\tmargin: auto;\n\t\t\t}\n\t\t\t#gallery-1 .gallery-item {\n\t\t\t\tfloat: left;\n\t\t\t\tmargin-top: 10px;\n\t\t\t\ttext-align: center;\n\t\t\t\twidth: 33%;\n\t\t\t}\n\t\t\t#gallery-1 img {\n\t\t\t\tborder: 2px solid #cfcfcf;\n\t\t\t}\n\t\t\t#gallery-1 .gallery-caption {\n\t\t\t\tmargin-left: 0;\n\t\t\t}\n\t\t\t\/* see gallery_shortcode() in wp-includes\/media.php *\/\n\t\t<\/style>\n\t\t<div id='gallery-1' class='gallery galleryid-708 gallery-columns-3 gallery-size-large'><dl class='gallery-item'>\n\t\t\t<dt class='gallery-icon landscape'>\n\t\t\t\t<a href='https:\/\/www.aktywnyseniormm.pl\/wp-content\/uploads\/2017\/08\/teaserbox_2462236932.png'><img loading=\"lazy\" decoding=\"async\" width=\"860\" height=\"646\" src=\"https:\/\/www.aktywnyseniormm.pl\/wp-content\/uploads\/2017\/08\/teaserbox_2462236932.png\" class=\"attachment-large size-large\" alt=\"\" aria-describedby=\"gallery-1-709\" srcset=\"https:\/\/www.aktywnyseniormm.pl\/wp-content\/uploads\/2017\/08\/teaserbox_2462236932.png 900w, https:\/\/www.aktywnyseniormm.pl\/wp-content\/uploads\/2017\/08\/teaserbox_2462236932-300x225.png 300w, https:\/\/www.aktywnyseniormm.pl\/wp-content\/uploads\/2017\/08\/teaserbox_2462236932-768x577.png 768w, https:\/\/www.aktywnyseniormm.pl\/wp-content\/uploads\/2017\/08\/teaserbox_2462236932-355x266.png 355w, https:\/\/www.aktywnyseniormm.pl\/wp-content\/uploads\/2017\/08\/teaserbox_2462236932-90x68.png 90w\" sizes=\"auto, (max-width: 860px) 100vw, 860px\" \/><\/a>\n\t\t\t<\/dt>\n\t\t\t\t<dd class='wp-caption-text gallery-caption' id='gallery-1-709'>\n\t\t\t\t08.10.2015r.  &#8211; prof. Ewa Kozdro\u0144\n&#8222;Help dla zdrowia&#8221;\n\t\t\t\t<\/dd><\/dl><dl class='gallery-item'>\n\t\t\t<dt class='gallery-icon landscape'>\n\t\t\t\t<a href='https:\/\/www.aktywnyseniormm.pl\/wp-content\/uploads\/2017\/08\/teaserbox_2462236939.png'><img loading=\"lazy\" decoding=\"async\" width=\"860\" height=\"646\" src=\"https:\/\/www.aktywnyseniormm.pl\/wp-content\/uploads\/2017\/08\/teaserbox_2462236939.png\" class=\"attachment-large size-large\" alt=\"\" aria-describedby=\"gallery-1-710\" srcset=\"https:\/\/www.aktywnyseniormm.pl\/wp-content\/uploads\/2017\/08\/teaserbox_2462236939.png 900w, https:\/\/www.aktywnyseniormm.pl\/wp-content\/uploads\/2017\/08\/teaserbox_2462236939-300x225.png 300w, https:\/\/www.aktywnyseniormm.pl\/wp-content\/uploads\/2017\/08\/teaserbox_2462236939-768x577.png 768w, https:\/\/www.aktywnyseniormm.pl\/wp-content\/uploads\/2017\/08\/teaserbox_2462236939-355x266.png 355w, https:\/\/www.aktywnyseniormm.pl\/wp-content\/uploads\/2017\/08\/teaserbox_2462236939-90x68.png 90w\" sizes=\"auto, (max-width: 860px) 100vw, 860px\" \/><\/a>\n\t\t\t<\/dt>\n\t\t\t\t<dd class='wp-caption-text gallery-caption' id='gallery-1-710'>\n\t\t\t\t29.10 2015r. Edyta Matejko Paszkowska\n&#8222;Psychologiczne aspekty rekreacji ruchowej z wykorzystaniem \u0107wicze\u0144 hatha jogi dla senior\u00f3w&#8221;\n\t\t\t\t<\/dd><\/dl><dl class='gallery-item'>\n\t\t\t<dt class='gallery-icon landscape'>\n\t\t\t\t<a href='https:\/\/www.aktywnyseniormm.pl\/wp-content\/uploads\/2017\/08\/teaserbox_2462236944.png'><img loading=\"lazy\" decoding=\"async\" width=\"860\" height=\"646\" src=\"https:\/\/www.aktywnyseniormm.pl\/wp-content\/uploads\/2017\/08\/teaserbox_2462236944.png\" class=\"attachment-large size-large\" alt=\"\" aria-describedby=\"gallery-1-711\" srcset=\"https:\/\/www.aktywnyseniormm.pl\/wp-content\/uploads\/2017\/08\/teaserbox_2462236944.png 900w, https:\/\/www.aktywnyseniormm.pl\/wp-content\/uploads\/2017\/08\/teaserbox_2462236944-300x225.png 300w, https:\/\/www.aktywnyseniormm.pl\/wp-content\/uploads\/2017\/08\/teaserbox_2462236944-768x577.png 768w, https:\/\/www.aktywnyseniormm.pl\/wp-content\/uploads\/2017\/08\/teaserbox_2462236944-355x266.png 355w, https:\/\/www.aktywnyseniormm.pl\/wp-content\/uploads\/2017\/08\/teaserbox_2462236944-90x68.png 90w\" sizes=\"auto, (max-width: 860px) 100vw, 860px\" \/><\/a>\n\t\t\t<\/dt>\n\t\t\t\t<dd class='wp-caption-text gallery-caption' id='gallery-1-711'>\n\t\t\t\t26.11.2015r.  dr n. med, Leszek Marek Krze\u015bniak\n&#8222;B\u00f3le kr\u0119gos\u0142upa. Zapobieganie i leczenie&#8221; \n\t\t\t\t<\/dd><\/dl><br style=\"clear: both\" \/>\n\t\t<\/div>\n\n","protected":false},"excerpt":{"rendered":"","protected":false},"author":1,"featured_media":0,"parent":106,"menu_order":0,"comment_status":"closed","ping_status":"closed","template":"","meta":{"footnotes":""},"class_list":["post-708","page","type-page","status-publish","hentry"],"_links":{"self":[{"href":"https:\/\/www.aktywnyseniormm.pl\/index.php\/wp-json\/wp\/v2\/pages\/708","targetHints":{"allow":["GET"]}}],"collection":[{"href":"https:\/\/www.aktywnyseniormm.pl\/index.php\/wp-json\/wp\/v2\/pages"}],"about":[{"href":"https:\/\/www.aktywnyseniormm.pl\/index.php\/wp-json\/wp\/v2\/types\/page"}],"author":[{"embeddable":true,"href":"https:\/\/www.aktywnyseniormm.pl\/index.php\/wp-json\/wp\/v2\/users\/1"}],"replies":[{"embeddable":true,"href":"https:\/\/www.aktywnyseniormm.pl\/index.php\/wp-json\/wp\/v2\/comments?post=708"}],"version-history":[{"count":4,"href":"https:\/\/www.aktywnyseniormm.pl\/index.php\/wp-json\/wp\/v2\/pages\/708\/revisions"}],"predecessor-version":[{"id":715,"href":"https:\/\/www.aktywnyseniormm.pl\/index.php\/wp-json\/wp\/v2\/pages\/708\/revisions\/715"}],"up":[{"embeddable":true,"href":"https:\/\/www.aktywnyseniormm.pl\/index.php\/wp-json\/wp\/v2\/pages\/106"}],"wp:attachment":[{"href":"https:\/\/www.aktywnyseniormm.pl\/index.php\/wp-json\/wp\/v2\/media?parent=708"}],"curies":[{"name":"wp","href":"https:\/\/api.w.org\/{rel}","templated":true}]}}