{"id":5621,"date":"2018-05-22T13:12:22","date_gmt":"2018-05-22T11:12:22","guid":{"rendered":"http:\/\/www.aktywnyseniormm.pl\/?page_id=5621"},"modified":"2021-03-21T11:26:57","modified_gmt":"2021-03-21T10:26:57","slug":"as_zs","status":"publish","type":"page","link":"https:\/\/www.aktywnyseniormm.pl\/index.php\/as_zs\/","title":{"rendered":"AS-ZS   &#8211; Urz\u0105d Wojew\u00f3dzki"},"content":{"rendered":"\n<p>Z dniem 31.12.2020 r. zako\u0144czyli\u015bmy realizacj\u0119 zada\u0144 z projektu<strong> AKTYWNY SENIOR ? ZDROWY SENIOR.<\/strong><\/p>\n\n\n\n<p>Z powodu obostrze\u0144\u00a0 pandemicznych nie wszystkie zadania mog\u0142y by\u0107 zrealizowane, czego skutkiem by\u0142o dwukrotne aneksowanie oferty: 13.07.2020 i 27.11.2020.<\/p>\n\n\n\n<p>W dniu 13.01.2020 w systemie Witkac \u00a0z\u0142o\u017cyli\u015bmy\u00a0 sprawozdanie z realizacji zadania publicznego. Na podstawie zawartej Umowy nr 15\/MCPS\/06\/2020\/B\/PSN w dniu 26.06.2020 \u00a0zobowi\u0105zani byli\u015bmy do z\u0142o\u017cenia sprawozdania r\u00f3wnie\u017c w wersji papierowej, kt\u00f3re to zosta\u0142o wys\u0142ane za po\u015brednictwem Poczty Polskiej listem poleconym \u00a0wraz z potwierdzeniem z\u0142o\u017cenia sprawozdania elektronicznie, wygenerowanym przez system Witkac. \u00a0\u00a0\u00a0\u00a0<\/p>\n\n\n\n<p>\u00a0\u00a0<strong>Sprawozdanie zosta\u0142o przyj\u0119te\u00a0 (pismo MCPS z dnia 26.02.2021 r. + wygenerowana informacja z systemu Witkac.pl)\u00a0<\/strong><\/p>\n\n\n\n<p><\/p>\n\n\n\n<p> <\/p>\n\n\n\n<p><\/p>\n\n\n\n<figure class=\"wp-block-image is-resized\"><img loading=\"lazy\" decoding=\"async\" src=\"https:\/\/i1.wp.com\/www.aktywnyseniormm.pl\/wp-content\/uploads\/2020\/08\/Na-Stron%C4%99-8.jpg?fit=724%2C1024\" alt=\"\" width=\"596\" height=\"843\"\/><\/figure>\n\n\n\n<p><\/p>\n\n\n<p><a href=\"http:\/\/www.aktywnyseniormm.pl\/wp-content\/uploads\/2019\/07\/Zrzut-ekranu-94.png\"><img loading=\"lazy\" decoding=\"async\" class=\"wp-image-6769 aligncenter\" src=\"http:\/\/www.aktywnyseniormm.pl\/wp-content\/uploads\/2019\/07\/Zrzut-ekranu-94.png\" alt=\"\" width=\"640\" height=\"197\" srcset=\"https:\/\/www.aktywnyseniormm.pl\/wp-content\/uploads\/2019\/07\/Zrzut-ekranu-94.png 621w, https:\/\/www.aktywnyseniormm.pl\/wp-content\/uploads\/2019\/07\/Zrzut-ekranu-94-300x92.png 300w\" sizes=\"auto, (max-width: 640px) 100vw, 640px\" \/><\/a>Informujemy s\u0142uchaczy Mi\u0144skiego Uniwersytetu Trzeciego Wieku prowadzonego przez Stowarzyszenie &#8222;RTW&#8221; o podpisaniu <strong>Umowy nr 18\/92\/19 o realizacj\u0119 zadania publicznego pod tytu\u0142em AKTYWNY SENIOR &#8211; ZDROWY SENIOR<\/strong> zawartej e dniu 01.07.2019 r. w Warszawie pomi\u0119dzy Wojew\u00f3dztwem Mazowieckim z siedzib\u0105 w Warszawie ul. Jagiello\u0144ska 26, REGON 015528910, NIP 1132453940, zwanym dalej &#8222;Zleceniodawc\u0105&#8221;, w imieniu kt\u00f3rego, na podstawie pe\u0142nomocnictwa udzielonego na podstawie uchwa\u0142y nr 671\/46\/19 Zarz\u0105du Wojew\u00f3dztwa Mazowieckiego z dnia 20 maja 2019 r. dzia\u0142a El\u017cbieta Bogucka &#8211; Zast\u0119pca Dyrektora Mazowieckiego Centrum Polityki Spo\u0142ecznej ds. Spo\u0142ecznych, a Stowarzyszeniem &#8222;Rado\u015b\u0107 Trzeciego Wieku&#8221; &nbsp;w Mi\u0144sku Mazowieckim, &nbsp;ul. Warszawska 173 wpisanym do Krajowego Rejestru S\u0105dowego pod numerem 0000333146, zwanym dalej &#8222;Zleceniobiorc\u0105&#8221; reprezentowanym przez: Jadwig\u0119 Maciejewsk\u0105 &#8211; Prezesa Zarz\u0105du i Mariann\u0119 Zambrzyck\u0105 &#8211; Wiceprezesa Zarz\u0105du.<\/p>\n<p><strong>Zadanie publiczne AKTYWNY SENIOR &#8211; ZDROWY SENIOR b\u0119dzie realizowane w okresie od 03.06.2019 r. do 31.12.2019 r.<\/strong> poprzez ni\u017cej wymienione dzia\u0142ania:<\/p>\n<ol>\n<li><strong>Upowszechnianie wiedzy z r\u00f3\u017cnych dziedzin w\u015br\u00f3d senior\u00f3w<\/strong>: organizacja 5 wyk\u0142ad\u00f3w otwartych dla s\u0142uchaczy MUTW i os\u00f3b starszych z innych organizacji senioralnych z miasta oraz m\u0142odzie\u017cy licealnej.<\/li>\n<li><strong>Promocj\u0119 zdrowego stylu \u017cycia<\/strong>: organizacja warsztat\u00f3w \u015bwiadomo\u015bci cia\u0142a: gimnastyka rozci\u0105gaj\u0105ca, Hatha Joga oraz warsztat\u00f3w zdrowego \u017cywienia &#8211; wsp\u00f3lnie z m\u0142odzie\u017c\u0105 z Zespo\u0142u Szk\u00f3\u0142 Agrotechnicznych w Mi\u0144sku Mazowieckim.<\/li>\n<li>Zg\u0142\u0119bianie wiedzy o regionie: wyjazd do wioski kulinarnej w Podcierniu (produkt certyfikowany &#8222;S\u00f3jka Mazowiecka&#8221;), 2 wyjazdy autokarem do Puszczy Kampinoskiej, wycieczka po Mazowszu (Otr\u0119busy &#8211; koncert Zespo\u0142u &#8222;Mazowsze&#8221; i zwiedzanie Muzeum w Stawisku), wyjazd i zwiedzanie Izby Pami\u0119ci Konstantego Laszczki w Dobrem.<\/li>\n<li><strong>Integracj\u0119 mi\u0119dzypokoleniow\u0105 i spo\u0142eczn\u0105 senior\u00f3w<\/strong>: autokarowy wyjazd senior\u00f3w z przedszkolakami do Gospodarstwa Produkcyjnego w Rososzy (produkcja koziego sera), wyjazd senior\u00f3w z mi\u0119dzynarodowymi wolontariuszami Fundacji EBU do Rezerwatu &#8222;Rudka Sanatoryjna&#8221; w Rudce.<\/li>\n<li><strong>Aktywne sp\u0119dzanie wolnego czasu:<\/strong>&nbsp;uczestnictwo w Biegu Po Nowe \u017bycie (propagowanie transplantologii w Polsce) &#8211; wyjazd do Warszawy, 2 wyjazdy autokarowe na spektakle teatralne, 4-ro dniowa wycieczka w G\u00f3ry \u015awi\u0119tokrzyskie (zwiedzanie muze\u00f3w, pa\u0142ac\u00f3w, innych obiekt\u00f3w turystycznych).<\/li>\n<\/ol>\n<p><em><strong>Zadanie dofinansowane ze \u015brodk\u00f3w bud\u017cetu Wojew\u00f3dztwa Mazowieckiego.<\/strong><\/em><\/p>\n<p style=\"text-align: center;\"><a href=\"http:\/\/www.aktywnyseniormm.pl\/wp-content\/uploads\/2018\/10\/Zrzut-ekranu-45.png\"><img loading=\"lazy\" decoding=\"async\" class=\" wp-image-6011 aligncenter\" src=\"http:\/\/www.aktywnyseniormm.pl\/wp-content\/uploads\/2018\/10\/Zrzut-ekranu-45.png\" alt=\"\" width=\"525\" height=\"64\" srcset=\"https:\/\/www.aktywnyseniormm.pl\/wp-content\/uploads\/2018\/10\/Zrzut-ekranu-45.png 421w, https:\/\/www.aktywnyseniormm.pl\/wp-content\/uploads\/2018\/10\/Zrzut-ekranu-45-300x37.png 300w\" sizes=\"auto, (max-width: 525px) 100vw, 525px\" \/><\/a><br>\n<strong><span style=\"font-size: 20px;\">UMOWA&nbsp; NR&nbsp; 29\/142\/18<\/span><\/strong><\/p>\n<p style=\"text-align: center;\">o realizacj\u0119 zadania publicznego pod tytu\u0142em:<br>\n<span style=\"font-size: 20px;\"><strong>&#8222;Rozw\u00f3j zr\u00f3\u017cnicowanych form dzia\u0142a\u0144 oraz us\u0142ug spo\u0142ecznych wspieraj\u0105cych samodzielno\u015b\u0107 i aktywno\u015b\u0107 os\u00f3b starszych&#8221;<\/strong><\/span><br>\n<span style=\"font-size: 14px;\"><strong>zawarta w dnniu 26 czerwca 2018 r. w Warszawie<br>\npomi\u0119dzy Wojew\u00f3dztwem Mazowieckim z siedzib\u0105 w Warszawie ul. Jagielo\u0144ska 26<br>\nRegon&nbsp; 01 5528910, NIP&nbsp; 1132453940, zwanym dalej &#8222;Zleceniodawc\u0105&#8221;, reprezentowanym przez<br>\nZarz\u0105d Wojew\u00f3dztwa Mazowieckiego,<br>\nw imieniu kt\u00f3reego, na podstawie upowa\u017cnienia udzielonego na podstawie uchwa\u0142y Nr 739\/340\/18<br>\nZarz\u0105du Wojew\u00f3dztwa Mazowieckiego z dnia 15 maja 2018 r. dzia\u0142a:<br>\n<span style=\"font-size: 16px;\">Artur Pozorek<\/span> &#8211; <span style=\"font-size: 16px;\">pe\u0142ni\u0105cy obowi\u0105zki Dyrektora Mazowieckiego Centrum Polityki Spo\u0142eczne<\/span>j&nbsp; a<br>\nStowarzyszeniem &#8222;Rado\u015b\u0107 Trzeciego Wieku&#8221; z siedzib\u0105 w Mi\u0144sku Mazowieckim ul. Warszawska 173<br>\nwpisanym do Krajowego Rejestru S\u0105dowego pod numerem 0000333146, zwanym dalej &#8222;Zleceniobiorc\u0105&#8221; reprezentowanym przez<br>\n<span style=\"font-size: 16px;\">Jadwig\u0119 Maciejewsk\u0105&nbsp; &#8211;&nbsp; Prezesa Zarz\u0105du<\/span><\/strong><br>\n<strong><span style=\"font-size: 16px;\">Zofi\u0119 Grzelak&nbsp; &nbsp;&#8211;&nbsp; Sekretarza Zarz\u0105du<\/span><\/strong><\/span><\/p>\n<p style=\"text-align: left;\"><span style=\"font-size: 20px;\"><strong>ZADANIE AKTYWNY SENIOR&nbsp; &#8211; ZDROWY SENIOR<\/strong><br>\n<span style=\"font-size: 14px;\">b\u0119dzie realizowane poprzez dzia\u0142ania:<\/span><br>\n<span style=\"font-size: 14px;\">1,Opracowanie harmonogramu dzia\u0142a\u0144, dzia\u0142ania promocyjne i informacyjne, ustalenie termin\u00f3w poszczeg\u00f3lnych dzia\u0142a\u0144,<br>\npodpisanie stosownych um\u00f3w i porozumie\u0144, zakupu&nbsp; materia\u0142\u00f3w<br>\n2,Upowszechnianie wiedzy z r\u00f3\u017cnych dziedzin \u017cycia w\u015br\u00f3d senior\u00f3w \/4 wyk\u0142ady otwarte\/<br>\n3.Promocja zdrowego stylu \u017cycia:<br>\n&#8211; wyk\u0142ady i warsztaty z zakresu profilaktyki zmian w obr\u0119bie st\u00f3p,<br>\n-wyk\u0142ady i warsztaty zdrowego \u017cywienia<br>\n4.Zg\u0142\u0119bianie wiedzy o Regionie:<br>\nprelekcja i warsztaty z produkcji koziego sera w Rososzy<br>\n-wizyta w wiosce kulinarnej i warsztaty z produkcji :S\u00f3jki Mazowieckiej&#8221; w Podcierniu<br>\n_wizyta w gospodarstwie agroturystycznym w Julian\u00f3wce &#8211; pieczenie ziemniaka,<br>\n-wycieczka po Mazowszu ?zwiedzanie Muzeum w Stawiskach i Matecznika PZPiT :Mazowsze&#8221; w Otr\u0119busach\/<br>\n5.Integracja mi\u0119dzy pokoleniowa i spo\u0142eczna senior\u00f3w:<br>\n-wyjazd w Dolin\u0119 Bobr\u00f3w w D\u0142u\u017cewie<br>\n-organizacja III Mi\u0144skiego Dnia Seniora<br>\n6.Rozwijanie zainteresowa\u0144 senior\u00f3w:<br>\n-warsztaty literackie<br>\n7. Aktywne sp\u0119dzanie wolnego czasu:<br>\n-udzia\u0142 w biegu po nowe \u017cucie<br>\n-poznawanie kraju \/organizacja i udzia\u0142 w wycieczce w Kotlin\u0119 Jeleniog\u00f3rsk\u0105\/.<\/span><\/span><\/p>\n\n\n<p><\/p>\n","protected":false},"excerpt":{"rendered":"<p>Z dniem 31.12.2020 r. zako\u0144czyli\u015bmy realizacj\u0119 zada\u0144 z projektu AKTYWNY SENIOR ? ZDROWY SENIOR. Z powodu obostrze\u0144\u00a0 pandemicznych nie wszystkie zadania mog\u0142y by\u0107 zrealizowane, czego skutkiem by\u0142o dwukrotne aneksowanie oferty: 13.07.2020 i 27.11.2020. W dniu 13.01.2020 w systemie Witkac \u00a0z\u0142o\u017cyli\u015bmy\u00a0 sprawozdanie z realizacji zadania publicznego. Na podstawie zawartej Umowy nr 15\/MCPS\/06\/2020\/B\/PSN w dniu 26.06.2020 \u00a0zobowi\u0105zani byli\u015bmy do z\u0142o\u017cenia sprawozdania r\u00f3wnie\u017c <span class=\"more-button\"><a class=\"more-link\" href=\"https:\/\/www.aktywnyseniormm.pl\/index.php\/as_zs\/\">Czytaj ca\u0142o\u015b\u0107<\/a><\/span><\/p>\n","protected":false},"author":1,"featured_media":0,"parent":0,"menu_order":0,"comment_status":"closed","ping_status":"closed","template":"","meta":{"footnotes":""},"class_list":["post-5621","page","type-page","status-publish","hentry"],"_links":{"self":[{"href":"https:\/\/www.aktywnyseniormm.pl\/index.php\/wp-json\/wp\/v2\/pages\/5621","targetHints":{"allow":["GET"]}}],"collection":[{"href":"https:\/\/www.aktywnyseniormm.pl\/index.php\/wp-json\/wp\/v2\/pages"}],"about":[{"href":"https:\/\/www.aktywnyseniormm.pl\/index.php\/wp-json\/wp\/v2\/types\/page"}],"author":[{"embeddable":true,"href":"https:\/\/www.aktywnyseniormm.pl\/index.php\/wp-json\/wp\/v2\/users\/1"}],"replies":[{"embeddable":true,"href":"https:\/\/www.aktywnyseniormm.pl\/index.php\/wp-json\/wp\/v2\/comments?post=5621"}],"version-history":[{"count":23,"href":"https:\/\/www.aktywnyseniormm.pl\/index.php\/wp-json\/wp\/v2\/pages\/5621\/revisions"}],"predecessor-version":[{"id":9228,"href":"https:\/\/www.aktywnyseniormm.pl\/index.php\/wp-json\/wp\/v2\/pages\/5621\/revisions\/9228"}],"wp:attachment":[{"href":"https:\/\/www.aktywnyseniormm.pl\/index.php\/wp-json\/wp\/v2\/media?parent=5621"}],"curies":[{"name":"wp","href":"https:\/\/api.w.org\/{rel}","templated":true}]}}