{"id":2277,"date":"2017-08-18T09:57:47","date_gmt":"2017-08-18T07:57:47","guid":{"rendered":"http:\/\/serwer1734277.home.pl\/?page_id=2277"},"modified":"2017-08-18T09:57:47","modified_gmt":"2017-08-18T07:57:47","slug":"galeria-wycieczki","status":"publish","type":"page","link":"https:\/\/www.aktywnyseniormm.pl\/index.php\/galeria\/galeria-wycieczki\/","title":{"rendered":"Galeria &#8211; Wycieczki"},"content":{"rendered":"<ul class=\"lcp_catlist\" id=\"lcp_instance_0\"><li><a href=\"https:\/\/www.aktywnyseniormm.pl\/index.php\/2025\/04\/26\/tajemniczy-swiat-pogranicza-kultur\/\">TAJEMNICZY  \u015aWIAT  POGRANICZA  KULTUR<\/a><\/li><li><a href=\"https:\/\/www.aktywnyseniormm.pl\/index.php\/2024\/11\/12\/lazienki-krolewskie\/\">\u0141AZIENKI  KR\u00d3LEWSKIE<\/a><\/li><li><a href=\"https:\/\/www.aktywnyseniormm.pl\/index.php\/2024\/09\/25\/wycieczka-do-lublina-i-kozlowki\/\">WYCIECZKA DO LUBLINA I KOZ\u0141\u00d3WKI<\/a><\/li><li><a href=\"https:\/\/www.aktywnyseniormm.pl\/index.php\/2023\/10\/08\/wycieczka-do-krakowa\/\">WYCIECZKA  DO  KRAKOWA<\/a><\/li><li><a href=\"https:\/\/www.aktywnyseniormm.pl\/index.php\/2023\/06\/29\/warmia-i-mazury\/\">WARMIA i MAZURY<\/a><\/li><li><a href=\"https:\/\/www.aktywnyseniormm.pl\/index.php\/2022\/11\/20\/stare-powazki\/\">STARE  POW\u0104ZKI<\/a><\/li><li><a href=\"https:\/\/www.aktywnyseniormm.pl\/index.php\/2022\/05\/28\/wycieczka-do-sejmu\/\">Wycieczka do Sejmu<\/a><\/li><li><a href=\"https:\/\/www.aktywnyseniormm.pl\/index.php\/2022\/05\/01\/wycieczka-do-otwocka-wielkiego\/\">Wycieczka do Otwocka Wielkiego<\/a><\/li><li><a href=\"https:\/\/www.aktywnyseniormm.pl\/index.php\/2021\/08\/30\/wycieczka-do-hajnowki\/\">Wycieczka do Hajn\u00f3wki<\/a><\/li><li><a href=\"https:\/\/www.aktywnyseniormm.pl\/index.php\/2021\/08\/09\/wyjazd-do-bialowiezy\/\">WYJAZD  DO BIA\u0141OWIE\u017bY<\/a><\/li><li><a href=\"https:\/\/www.aktywnyseniormm.pl\/index.php\/2021\/06\/24\/wycieczka-do-plocka-22-23-czerwca-2021r\/\">WYCIECZKA DO P\u0141OCKA  22-23 czerwca 2021r.<\/a><\/li><li><a href=\"https:\/\/www.aktywnyseniormm.pl\/index.php\/2021\/05\/26\/skrocony-program-dwudniowej-wycieczki-do-plocka-i-okolice-dla-sluchaczy-minskiego-utw\/\">Skr\u00f3cony program dwudniowej wycieczki do P\u0141OCKA i okolice dla s\u0142uchaczy Mi\u0144skiego UTW<\/a><\/li><li><a href=\"https:\/\/www.aktywnyseniormm.pl\/index.php\/2020\/09\/24\/wycieczka-22-23-wrzesnia-cmielow-opatow-sandomierz\/\">Wycieczka 22-23 wrze\u015bnia  \u0106miel\u00f3w-Opat\u00f3w-Sandomierz<\/a><\/li><li><a href=\"https:\/\/www.aktywnyseniormm.pl\/index.php\/2020\/09\/24\/wycieczka-cmielow-sandomierz-22-23-09-2020\/\">Wycieczka \u0106miel\u00f3w-Sandomierz 22-23.09.2020<\/a><\/li><li><a href=\"https:\/\/www.aktywnyseniormm.pl\/index.php\/2020\/09\/21\/opinogora-pultusk-2020\/\">OPINOG\u00d3RA, PU\u0141TUSK 2020<\/a><\/li><li><a href=\"https:\/\/www.aktywnyseniormm.pl\/index.php\/2020\/09\/19\/pultusk-opiniogora-18-09-2020\/\">Pu\u0142tusk &#8211; Opiniog\u00f3ra 18.09.2020<\/a><\/li><li><a href=\"https:\/\/www.aktywnyseniormm.pl\/index.php\/2019\/04\/24\/wycieczka-do-kopalni-soli-w-klodawie-4\/\">Wycieczka do Kopalni Soli w K\u0141ODAWIE<\/a><\/li><li><a href=\"https:\/\/www.aktywnyseniormm.pl\/index.php\/2018\/11\/25\/kotlina-jeleniogorska-i-nizina-slaska-18-22-09-2018\/\">Kotlina Jeleniog\u00f3rska i Nizina \u015al\u0105ska 18-22.09.2018<\/a><a href=\"https:\/\/www.aktywnyseniormm.pl\/index.php\/2018\/11\/25\/kotlina-jeleniogorska-i-nizina-slaska-18-22-09-2018\/\" title=\"Kotlina Jeleniog\u00f3rska i Nizina \u015al\u0105ska 18-22.09.2018\"><img loading=\"lazy\" decoding=\"async\" width=\"150\" height=\"150\" src=\"https:\/\/www.aktywnyseniormm.pl\/wp-content\/uploads\/2018\/11\/20180919_121433-3-150x150.jpg\" class=\"lcp_thumbnail wp-post-image\" alt=\"Kotlina Jeleniog\u00f3rska i Nizina \u015al\u0105ska 18-22.09.2018\" \/><\/a><\/li><li><a href=\"https:\/\/www.aktywnyseniormm.pl\/index.php\/2018\/05\/05\/szlakami-piastowskimi-po-wielkopolsce-17-20-kwietnia-2018-r\/\">Szlakami piastowskimi po Wielkopolsce 17-20 kwietnia 2018 r.<\/a><a href=\"https:\/\/www.aktywnyseniormm.pl\/index.php\/2018\/05\/05\/szlakami-piastowskimi-po-wielkopolsce-17-20-kwietnia-2018-r\/\" title=\"Szlakami piastowskimi po Wielkopolsce 17-20 kwietnia 2018 r.\"><img loading=\"lazy\" decoding=\"async\" width=\"150\" height=\"150\" src=\"https:\/\/www.aktywnyseniormm.pl\/wp-content\/uploads\/2018\/05\/100_6817-150x150.jpg\" class=\"lcp_thumbnail wp-post-image\" alt=\"Szlakami piastowskimi po Wielkopolsce 17-20 kwietnia 2018 r.\" \/><\/a><\/li><li><a href=\"https:\/\/www.aktywnyseniormm.pl\/index.php\/2017\/10\/01\/wycieczka-do-lwowa\/\">Wycieczka do Lwowa 20 &#8211; 23 wrze\u015bnia 2017r.<\/a><a href=\"https:\/\/www.aktywnyseniormm.pl\/index.php\/2017\/10\/01\/wycieczka-do-lwowa\/\" title=\"Wycieczka do Lwowa 20 - 23 wrze\u015bnia 2017r.\"><img loading=\"lazy\" decoding=\"async\" width=\"150\" height=\"150\" src=\"https:\/\/www.aktywnyseniormm.pl\/wp-content\/uploads\/2017\/10\/DSC06360-150x150.jpg\" class=\"lcp_thumbnail wp-post-image\" alt=\"Wycieczka do Lwowa 20 - 23 wrze\u015bnia 2017r.\" \/><\/a><\/li><li><a href=\"https:\/\/www.aktywnyseniormm.pl\/index.php\/2017\/04\/28\/szlakiem-srodkowej-i-dolnej-wisly-26-27-28-kwietnia-2017rr\/\">Szlakiem \u015brodkowej i dolnej Wis\u0142y  26-27-28 kwietnia 2017r.<\/a><a href=\"https:\/\/www.aktywnyseniormm.pl\/index.php\/2017\/04\/28\/szlakiem-srodkowej-i-dolnej-wisly-26-27-28-kwietnia-2017rr\/\" title=\"Szlakiem \u015brodkowej i dolnej Wis\u0142y  26-27-28 kwietnia 2017r.\"><img loading=\"lazy\" decoding=\"async\" width=\"150\" height=\"150\" src=\"https:\/\/www.aktywnyseniormm.pl\/wp-content\/uploads\/2017\/08\/cache_2470642733-150x150.jpg\" class=\"lcp_thumbnail wp-post-image\" alt=\"Szlakiem \u015brodkowej i dolnej Wis\u0142y  26-27-28 kwietnia 2017r.\" \/><\/a><\/li><li><a href=\"https:\/\/www.aktywnyseniormm.pl\/index.php\/2017\/02\/25\/naleczow-19-02-25-02-2017r-2\/\">Na\u0142\u0119cz\u00f3w 19.02 -25.02. 2017r.<\/a><a href=\"https:\/\/www.aktywnyseniormm.pl\/index.php\/2017\/02\/25\/naleczow-19-02-25-02-2017r-2\/\" title=\"Na\u0142\u0119cz\u00f3w 19.02 -25.02. 2017r.\"><img loading=\"lazy\" decoding=\"async\" width=\"150\" height=\"150\" src=\"https:\/\/www.aktywnyseniormm.pl\/wp-content\/uploads\/2017\/08\/cache_2469570108-150x150.jpg\" class=\"lcp_thumbnail wp-post-image\" alt=\"Na\u0142\u0119cz\u00f3w 19.02 -25.02. 2017r.\" \/><\/a><\/li><li><a href=\"https:\/\/www.aktywnyseniormm.pl\/index.php\/2015\/09\/12\/szlakiem-czterech-kultur-srodkowe-podlasie-10-12-wrzesnia-2015\/\">SZLAKIEM CZTERECH KULTUR \u015aRODKOWE PODLASIE 10-12 WRZE\u015aNIA 2015<\/a><a href=\"https:\/\/www.aktywnyseniormm.pl\/index.php\/2015\/09\/12\/szlakiem-czterech-kultur-srodkowe-podlasie-10-12-wrzesnia-2015\/\" title=\"SZLAKIEM CZTERECH KULTUR \u015aRODKOWE PODLASIE 10-12 WRZE\u015aNIA 2015\"><img loading=\"lazy\" decoding=\"async\" width=\"150\" height=\"150\" src=\"https:\/\/www.aktywnyseniormm.pl\/wp-content\/uploads\/2017\/08\/cache_2460494896-150x150.jpg\" class=\"lcp_thumbnail wp-post-image\" alt=\"SZLAKIEM CZTERECH KULTUR \u015aRODKOWE PODLASIE 10-12 WRZE\u015aNIA 2015\" \/><\/a><\/li><li><a href=\"https:\/\/www.aktywnyseniormm.pl\/index.php\/2015\/05\/09\/ogolnopolski-marsz-nordic-walking-09-05-2015r\/\">Og\u00f3lnopolski Marsz Nordic Walking 09.05.2015r.<\/a><a href=\"https:\/\/www.aktywnyseniormm.pl\/index.php\/2015\/05\/09\/ogolnopolski-marsz-nordic-walking-09-05-2015r\/\" title=\"Og\u00f3lnopolski Marsz Nordic Walking 09.05.2015r.\"><img loading=\"lazy\" decoding=\"async\" width=\"150\" height=\"150\" src=\"https:\/\/www.aktywnyseniormm.pl\/wp-content\/uploads\/2017\/08\/cache_2455501716-150x150.jpg\" class=\"lcp_thumbnail wp-post-image\" alt=\"Og\u00f3lnopolski Marsz Nordic Walking 09.05.2015r.\" \/><\/a><\/li><li><a href=\"https:\/\/www.aktywnyseniormm.pl\/index.php\/2014\/09\/11\/szlakiem-oskara-kolberga-11-wrzesnia-2014\/\">Szlakiem Oskara Kolberga   11 wrze\u015bnia 2014<\/a><a href=\"https:\/\/www.aktywnyseniormm.pl\/index.php\/2014\/09\/11\/szlakiem-oskara-kolberga-11-wrzesnia-2014\/\" title=\"Szlakiem Oskara Kolberga   11 wrze\u015bnia 2014\"><img loading=\"lazy\" decoding=\"async\" width=\"150\" height=\"150\" src=\"https:\/\/www.aktywnyseniormm.pl\/wp-content\/uploads\/2017\/08\/cache_2447859175-150x150.jpg\" class=\"lcp_thumbnail wp-post-image\" alt=\"Szlakiem Oskara Kolberga   11 wrze\u015bnia 2014\" \/><\/a><\/li><li><a href=\"https:\/\/www.aktywnyseniormm.pl\/index.php\/2014\/05\/17\/szlakiem-k-i-galczynskiego-16-17-maja-2014r\/\">Szlakiem K.I.Ga\u0142czy\u0144skiego &#8211; 16-17 maja 2014r.<\/a><a href=\"https:\/\/www.aktywnyseniormm.pl\/index.php\/2014\/05\/17\/szlakiem-k-i-galczynskiego-16-17-maja-2014r\/\" title=\"Szlakiem K.I.Ga\u0142czy\u0144skiego - 16-17 maja 2014r.\"><img loading=\"lazy\" decoding=\"async\" width=\"150\" height=\"150\" src=\"https:\/\/www.aktywnyseniormm.pl\/wp-content\/uploads\/2017\/08\/cache_2444757022-150x150.jpg\" class=\"lcp_thumbnail wp-post-image\" alt=\"Szlakiem K.I.Ga\u0142czy\u0144skiego - 16-17 maja 2014r.\" \/><\/a><\/li><li><a href=\"https:\/\/www.aktywnyseniormm.pl\/index.php\/2013\/11\/23\/droga-do-wolnosci-23-listopada-2013r\/\">Droga do Wolno\u015bci &#8211; 23 listopada 2013r<\/a><a href=\"https:\/\/www.aktywnyseniormm.pl\/index.php\/2013\/11\/23\/droga-do-wolnosci-23-listopada-2013r\/\" title=\"Droga do Wolno\u015bci - 23 listopada 2013r\"><img loading=\"lazy\" decoding=\"async\" width=\"150\" height=\"150\" src=\"https:\/\/www.aktywnyseniormm.pl\/wp-content\/uploads\/2017\/08\/cache_2472619348-150x150.jpg\" class=\"lcp_thumbnail wp-post-image\" alt=\"Droga do Wolno\u015bci - 23 listopada 2013r\" \/><\/a><\/li><li><a href=\"https:\/\/www.aktywnyseniormm.pl\/index.php\/2013\/11\/07\/muzeum-historii-zydow-polskich-7-listopada-2013r-2\/\">Muzeum Historii \u017byd\u00f3w Polskich &#8211; 7 listopada 2013r.<\/a><a href=\"https:\/\/www.aktywnyseniormm.pl\/index.php\/2013\/11\/07\/muzeum-historii-zydow-polskich-7-listopada-2013r-2\/\" title=\"Muzeum Historii \u017byd\u00f3w Polskich - 7 listopada 2013r.\"><img loading=\"lazy\" decoding=\"async\" width=\"150\" height=\"150\" src=\"https:\/\/www.aktywnyseniormm.pl\/wp-content\/uploads\/2017\/08\/cache_2439858739-150x150.jpg\" class=\"lcp_thumbnail wp-post-image\" alt=\"Muzeum Historii \u017byd\u00f3w Polskich - 7 listopada 2013r.\" \/><\/a><\/li><li><a href=\"https:\/\/www.aktywnyseniormm.pl\/index.php\/2013\/10\/08\/seniorzy-w-sejmie-8-pazdziernika-2013r\/\">Seniorzy w Sejmie &#8211; 8 pa\u017adziernika 2013r.<\/a><a href=\"https:\/\/www.aktywnyseniormm.pl\/index.php\/2013\/10\/08\/seniorzy-w-sejmie-8-pazdziernika-2013r\/\" title=\"Seniorzy w Sejmie - 8 pa\u017adziernika 2013r.\"><img loading=\"lazy\" decoding=\"async\" width=\"150\" height=\"150\" src=\"https:\/\/www.aktywnyseniormm.pl\/wp-content\/uploads\/2017\/08\/cache_2439786951-150x150.jpg\" class=\"lcp_thumbnail wp-post-image\" alt=\"Seniorzy w Sejmie - 8 pa\u017adziernika 2013r.\" \/><\/a><\/li><li><a href=\"https:\/\/www.aktywnyseniormm.pl\/index.php\/2013\/09\/26\/dnia-26-wrzesnia-wycieczka-do-kozlowki-i-lublina\/\">Dnia 26 wrzesnia  wycieczka do Koz\u0142\u00f3wki i Lublina<\/a><a href=\"https:\/\/www.aktywnyseniormm.pl\/index.php\/2013\/09\/26\/dnia-26-wrzesnia-wycieczka-do-kozlowki-i-lublina\/\" title=\"Dnia 26 wrzesnia  wycieczka do Koz\u0142\u00f3wki i Lublina\"><img loading=\"lazy\" decoding=\"async\" width=\"150\" height=\"150\" src=\"https:\/\/www.aktywnyseniormm.pl\/wp-content\/uploads\/2017\/08\/cache_2472601937-150x150.jpg\" class=\"lcp_thumbnail wp-post-image\" alt=\"Dnia 26 wrzesnia  wycieczka do Koz\u0142\u00f3wki i Lublina\" \/><\/a><\/li><li><a href=\"https:\/\/www.aktywnyseniormm.pl\/index.php\/2013\/05\/14\/14-maja-2013r-wycieczka-do-konstancina-i-ogrodu-botanicznego-w-powsinie\/\">14 maja 2013r. &#8211; wycieczka do Konstancina i Ogrodu Botanicznego w Powsinie<\/a><a href=\"https:\/\/www.aktywnyseniormm.pl\/index.php\/2013\/05\/14\/14-maja-2013r-wycieczka-do-konstancina-i-ogrodu-botanicznego-w-powsinie\/\" title=\"14 maja 2013r. - wycieczka do Konstancina i Ogrodu Botanicznego w Powsinie\"><img loading=\"lazy\" decoding=\"async\" width=\"150\" height=\"150\" src=\"https:\/\/www.aktywnyseniormm.pl\/wp-content\/uploads\/2017\/08\/cache_2472601590-150x150.jpg\" class=\"lcp_thumbnail wp-post-image\" alt=\"14 maja 2013r. - wycieczka do Konstancina i Ogrodu Botanicznego w Powsinie\" \/><\/a><\/li><li><a href=\"https:\/\/www.aktywnyseniormm.pl\/index.php\/2013\/03\/20\/20-marca-2013r-zamek-krolewski-w-warszawie\/\">20 marca 2013r   ZAMEK KR\u00d3LEWSKI W WARSZAWIE<\/a><a href=\"https:\/\/www.aktywnyseniormm.pl\/index.php\/2013\/03\/20\/20-marca-2013r-zamek-krolewski-w-warszawie\/\" title=\"20 marca 2013r   ZAMEK KR\u00d3LEWSKI W WARSZAWIE\"><img loading=\"lazy\" decoding=\"async\" width=\"120\" height=\"94\" src=\"https:\/\/www.aktywnyseniormm.pl\/wp-content\/uploads\/2017\/08\/cache_2433286754.png\" class=\"lcp_thumbnail wp-post-image\" alt=\"20 marca 2013r   ZAMEK KR\u00d3LEWSKI W WARSZAWIE\" \/><\/a><\/li><li><a href=\"https:\/\/www.aktywnyseniormm.pl\/index.php\/2012\/12\/09\/krakow-przedswiateczny-8-9-grudnia-2012r-2\/\">KRAK\u00d3W PRZED\u015aWI\u0104TECZNY 8-9 GRUDNIA 2012r.<\/a><a href=\"https:\/\/www.aktywnyseniormm.pl\/index.php\/2012\/12\/09\/krakow-przedswiateczny-8-9-grudnia-2012r-2\/\" title=\"KRAK\u00d3W PRZED\u015aWI\u0104TECZNY 8-9 GRUDNIA 2012r.\"><img loading=\"lazy\" decoding=\"async\" width=\"150\" height=\"150\" src=\"https:\/\/www.aktywnyseniormm.pl\/wp-content\/uploads\/2017\/08\/cache_2472601411-150x150.jpg\" class=\"lcp_thumbnail wp-post-image\" alt=\"KRAK\u00d3W PRZED\u015aWI\u0104TECZNY 8-9 GRUDNIA 2012r.\" \/><\/a><\/li><li><a href=\"https:\/\/www.aktywnyseniormm.pl\/index.php\/2012\/10\/17\/17-10-2012r-centrum-nauki-kopernik\/\">17.10 2012r. CENTRUM  NAUKI  KOPERNIK<\/a><a href=\"https:\/\/www.aktywnyseniormm.pl\/index.php\/2012\/10\/17\/17-10-2012r-centrum-nauki-kopernik\/\" title=\"17.10 2012r. CENTRUM  NAUKI  KOPERNIK\"><img loading=\"lazy\" decoding=\"async\" width=\"150\" height=\"150\" src=\"https:\/\/www.aktywnyseniormm.pl\/wp-content\/uploads\/2017\/08\/cache_2472601297-150x150.jpg\" class=\"lcp_thumbnail wp-post-image\" alt=\"17.10 2012r. CENTRUM  NAUKI  KOPERNIK\" \/><\/a><\/li><li><a href=\"https:\/\/www.aktywnyseniormm.pl\/index.php\/2012\/10\/05\/5-10-2012-r-cmielow-opatow-sandomierz-2\/\">5.10.2012 r. \u0106MIEL\u00d3W &#8211; OPAT\u00d3W ? SANDOMIERZ<\/a><a href=\"https:\/\/www.aktywnyseniormm.pl\/index.php\/2012\/10\/05\/5-10-2012-r-cmielow-opatow-sandomierz-2\/\" title=\"5.10.2012 r. \u0106MIEL\u00d3W - OPAT\u00d3W ? SANDOMIERZ\"><img loading=\"lazy\" decoding=\"async\" width=\"150\" height=\"150\" src=\"https:\/\/www.aktywnyseniormm.pl\/wp-content\/uploads\/2017\/08\/cache_2472600999-150x150.jpg\" class=\"lcp_thumbnail wp-post-image\" alt=\"5.10.2012 r. \u0106MIEL\u00d3W - OPAT\u00d3W ? SANDOMIERZ\" \/><\/a><\/li><li><a href=\"https:\/\/www.aktywnyseniormm.pl\/index.php\/2012\/05\/16\/plock-16-maja-2012r\/\">P\u0141OCK  16 maja 2012r.<\/a><a href=\"https:\/\/www.aktywnyseniormm.pl\/index.php\/2012\/05\/16\/plock-16-maja-2012r\/\" title=\"P\u0141OCK  16 maja 2012r.\"><img loading=\"lazy\" decoding=\"async\" width=\"150\" height=\"150\" src=\"https:\/\/www.aktywnyseniormm.pl\/wp-content\/uploads\/2012\/05\/18-maja-P\u0142ock-117-150x150.jpg\" class=\"lcp_thumbnail wp-post-image\" alt=\"P\u0141OCK  16 maja 2012r.\" \/><\/a><\/li><\/ul>\n","protected":false},"excerpt":{"rendered":"","protected":false},"author":1,"featured_media":0,"parent":1500,"menu_order":0,"comment_status":"closed","ping_status":"closed","template":"","meta":{"footnotes":""},"class_list":["post-2277","page","type-page","status-publish","hentry"],"_links":{"self":[{"href":"https:\/\/www.aktywnyseniormm.pl\/index.php\/wp-json\/wp\/v2\/pages\/2277","targetHints":{"allow":["GET"]}}],"collection":[{"href":"https:\/\/www.aktywnyseniormm.pl\/index.php\/wp-json\/wp\/v2\/pages"}],"about":[{"href":"https:\/\/www.aktywnyseniormm.pl\/index.php\/wp-json\/wp\/v2\/types\/page"}],"author":[{"embeddable":true,"href":"https:\/\/www.aktywnyseniormm.pl\/index.php\/wp-json\/wp\/v2\/users\/1"}],"replies":[{"embeddable":true,"href":"https:\/\/www.aktywnyseniormm.pl\/index.php\/wp-json\/wp\/v2\/comments?post=2277"}],"version-history":[{"count":1,"href":"https:\/\/www.aktywnyseniormm.pl\/index.php\/wp-json\/wp\/v2\/pages\/2277\/revisions"}],"predecessor-version":[{"id":2278,"href":"https:\/\/www.aktywnyseniormm.pl\/index.php\/wp-json\/wp\/v2\/pages\/2277\/revisions\/2278"}],"up":[{"embeddable":true,"href":"https:\/\/www.aktywnyseniormm.pl\/index.php\/wp-json\/wp\/v2\/pages\/1500"}],"wp:attachment":[{"href":"https:\/\/www.aktywnyseniormm.pl\/index.php\/wp-json\/wp\/v2\/media?parent=2277"}],"curies":[{"name":"wp","href":"https:\/\/api.w.org\/{rel}","templated":true}]}}