{"id":116,"date":"2017-07-28T09:37:16","date_gmt":"2017-07-28T07:37:16","guid":{"rendered":"http:\/\/serwer1734277.home.pl\/?page_id=116"},"modified":"2019-05-19T13:23:35","modified_gmt":"2019-05-19T11:23:35","slug":"historia","status":"publish","type":"page","link":"https:\/\/www.aktywnyseniormm.pl\/index.php\/historia\/","title":{"rendered":"Historia"},"content":{"rendered":"<h3><strong>9 maja 2019 r. Walne\u00a0 Sprawozdawcze Zebranie Cz\u0142onk\u00f3w<\/strong><\/h3>\n<p>Na zebraniu Zarz\u0105d przedstawi\u0142 sprawozdanie merytoryczne i finansowe\u00a0 za 2018 rok.<br \/>\nZebranie zatwierdzi\u0142o przedstawione sprawozdania i udzieli\u0142o Zarz\u0105dowi absolutorium<br \/>\nPrzyj\u0119to \u015blubowanie\u00a0 przyj\u0119tych nowych cz\u0142onk\u00f3w<\/p>\n<h3><strong><br \/>\n8 pa\u017adziernika 2018 r. dokonano zmiany w sk\u0142adzie\u00a0 Rady S\u0142uchaczy<\/strong><br \/>\n<span style=\"text-decoration: underline;\"><span style=\"font-size: 16px;\">Aktualny sk\u0142ad:<\/span><\/span><br \/>\n<span style=\"font-size: 16px;\">Ewa Gutkowska\u00a0 &#8211; przewodnicz\u0105ca<\/span><br \/>\n<span style=\"font-size: 16px;\">Joanna Suchocka\u00a0 &#8211; zast\u0119pca<\/span><br \/>\n<span style=\"font-size: 16px;\">Maria Piechowicz &#8211; skarbnik<\/span><br \/>\n<span style=\"font-size: 16px;\">Hanna Mirosz Papis\u00a0 &#8211; sekretarz<\/span><br \/>\n<span style=\"font-size: 16px;\">Hanna Klik\u00a0 &#8211; cz\u0142onek<\/span><br \/>\n<span style=\"font-size: 16px;\">Hanna Gryz\u00a0 &#8211; Cz\u0142onek<\/span><br \/>\n<span style=\"font-size: 16px;\">El\u017cbieta W\u00f3jcicka &#8211; kronikarka<\/span><\/h3>\n<h3><\/h3>\n<h3><strong>10 maja 2018 r Walne Sprawozdawczo Wyborcze Zebranie Cz\u0142onk\u00f3w<br \/>\n<\/strong><span style=\"font-size: 16px;\">Zebranie przyj\u0119\u0142o sprawozdania Zarz\u0105du i udzieli\u0142o absolutorium<br \/>\nWybrano Zarz\u0105d i Komisj\u0119 Rewizyjn\u0105<br \/>\nW sk\u0142ad Zarz\u0105du weszli:<br \/>\nJadwiga Maciejewska\u00a0 \u00a0 prezes<br \/>\nZofia Grzelak\u00a0 \u00a0 \u00a0 \u00a0 \u00a0 \u00a0 \u00a0 \u00a0 \u00a0sekretarz<br \/>\nEwa Ga\u0144ko\u00a0 \u00a0 \u00a0 \u00a0 \u00a0 \u00a0 \u00a0 \u00a0 \u00a0 \u00a0cz\u0142onek<br \/>\nAlicja Rycielska\u00a0 \u00a0 \u00a0 \u00a0 \u00a0 \u00a0 cz\u0142onek<br \/>\nAnna Smole\u0144ska\u00a0 \u00a0 \u00a0 \u00a0 \u00a0 cz\u0142onek<br \/>\nMarianna Zembrzycka\u00a0 \u00a0wiceprezes<br \/>\nJan Wi\u0105cek\u00a0 \u00a0 \u00a0 \u00a0 \u00a0 \u00a0 \u00a0 \u00a0 \u00a0 skarbnik<\/span><\/h3>\n<p>W sk\u0142ad Komisji Rewizyjnej Wesz\u0142y:<br \/>\nCi\u0105\u017ckowska Bogus\u0142awa<br \/>\nGra\u017cyna Grzegorczyk<br \/>\nMarianna Zembek<br \/>\nTytu\u0142 honorowego cz\u0142onka Stowarzyszenia przyznano Krystynie Makos<\/p>\n<h3><strong>04 maja 2017r Walne Zebranie Cz\u0142onk\u00f3w<\/strong><\/h3>\n<p>Przyj\u0119to\u00a0sprawozdanie merytoryczne i finansowe za rok 2016 Udzielono Zarz\u0105dowi absolutorium<\/p>\n<h3><strong>21 kwietnia 2016 r.Walne Zebranie Cz\u0142onk\u00f3w<\/strong><\/h3>\n<p>Zebranie przyj\u0119\u0142o sprawozdanie merytoryczne i finansowe Zarz\u0105du za rok 2015 Udzielono Zarzadowi absolutoriom Przyznano tytu\u0142 Honorowy Cz\u0142onek Stowarzyszenia kol. kol. Marii Wocial i Jerzemu Maciejewskiemu<\/p>\n<h3><strong>Listopad 2015 r<\/strong><\/h3>\n<p><a name=\"LAURA\"><\/a><br \/>\nPrzystapienie Stowarzyszenia &#8222;RTW&#8221; do Fundacji &#8222;Og\u00f3lnopolskie porozumienie Uniwersytet\u00f3w Trzeciego Wieku&#8221;<br \/>\n<a href=\"http:\/\/www.aktywnyseniormm.pl\/wp-content\/uploads\/2017\/07\/wyroznienia2.png\"><img loading=\"lazy\" decoding=\"async\" class=\"aligncenter size-medium wp-image-1343\" src=\"http:\/\/www.aktywnyseniormm.pl\/wp-content\/uploads\/2017\/07\/wyroznienia2-300x182.png\" alt=\"\" width=\"300\" height=\"182\" srcset=\"https:\/\/www.aktywnyseniormm.pl\/wp-content\/uploads\/2017\/07\/wyroznienia2-300x182.png 300w, https:\/\/www.aktywnyseniormm.pl\/wp-content\/uploads\/2017\/07\/wyroznienia2-768x467.png 768w, https:\/\/www.aktywnyseniormm.pl\/wp-content\/uploads\/2017\/07\/wyroznienia2.png 900w\" sizes=\"auto, (max-width: 300px) 100vw, 300px\" \/><\/a><\/p>\n<h3><strong>Dnia 15.05 2015 r<\/strong>\u00a0LAURA<\/h3>\n<p>Stowarzyszenie Rado\u015b\u0107 Trzeciego Wieku zosta\u0142o uhonorowane wyr\u00f3\u017cnieniem &#8222;LAURA&#8221; nadanym przez Starost\u0119 Mi\u0144skiego<\/p>\n<p><a href=\"http:\/\/www.aktywnyseniormm.pl\/wp-content\/uploads\/2017\/07\/wyroznienia1.jpg\"><img loading=\"lazy\" decoding=\"async\" class=\"aligncenter size-medium wp-image-1344\" src=\"http:\/\/www.aktywnyseniormm.pl\/wp-content\/uploads\/2017\/07\/wyroznienia1-300x199.jpg\" alt=\"\" width=\"300\" height=\"199\" srcset=\"https:\/\/www.aktywnyseniormm.pl\/wp-content\/uploads\/2017\/07\/wyroznienia1-300x199.jpg 300w, https:\/\/www.aktywnyseniormm.pl\/wp-content\/uploads\/2017\/07\/wyroznienia1-768x510.jpg 768w, https:\/\/www.aktywnyseniormm.pl\/wp-content\/uploads\/2017\/07\/wyroznienia1.jpg 900w\" sizes=\"auto, (max-width: 300px) 100vw, 300px\" \/><\/a><\/p>\n<h3>14.05.2015r\u00a0Sprawozdawczo wyborcze Walne zebranie Cz\u0142onk\u00f3w<\/h3>\n<p>Zebranie przyj\u0119\u0142o przedstawione przez \u00a0Zarzad sprawozdania i udzieliolo absolutorium. Dokonano wyboru nowego Zarzadu i Rady Nadzorczej<\/p>\n<p><strong>Sk\u0142ad Zarz\u0105du:<br \/>\n<\/strong>Jadwiga Maciejewska \u00a0Prezes<br \/>\nJerzy Maciejewski \u00a0 \u00a0 \u00a0 \u00a0Wiceprezes<br \/>\nZofia \u00a0Grzelak \u00a0 \u00a0 \u00a0 \u00a0 \u00a0 \u00a0 \u00a0 \u00a0Sekretarz<br \/>\nHalina \u00a0W\u00f3jcicka \u00a0 \u00a0 \u00a0 \u00a0 \u00a0 \u00a0Skarbnik<br \/>\nTeresa \u00a0Mularz \u00a0 \u00a0 \u00a0 \u00a0 \u00a0 \u00a0 \u00a0 Cz\u0142onek<br \/>\nAlicja \u00a0Rycielska \u00a0 \u00a0 \u00a0 \u00a0 \u00a0 \u00a0Cz\u0142onek<br \/>\nAnna Smoli\u0144ska \u00a0 \u00a0 \u00a0 \u00a0 \u00a0 \u00a0 Cz\u0142onek<\/p>\n<p><strong>Sk\u0142ad Komisji Rewizyjnej:<br \/>\n<\/strong>Bogus\u0142awa Ci\u0119\u017ckowska \u00a0 Przewodnicz\u0105ca<br \/>\nGra\u017cyna Grzegorczyk \u00a0 \u00a0 \u00a0 \u00a0Cz\u0142onek<br \/>\nMarianna \u00a0Zembek \u00a0 \u00a0 \u00a0 \u00a0 \u00a0 \u00a0Cz\u0142onek<\/p>\n<h3>08.06 2014\u00a0\u00a0 Sprawozdawcze Walne Zebranie Cz\u0142onk\u00f3w<\/h3>\n<p>Zarz\u0105d przedstawi\u0142 sprawozdanie merytoryczne i finansowe za rok 2013 Zebranie przyj\u0119\u0142o sprawozdania i udzieli\u0142o absolutorium zarzadowi<br \/>\n<a name=\"POMAGAM\"><\/a><\/p>\n<h3><strong>05 grudnia 2013r <\/strong>POMAGAM POMAGA\u0106 2013<\/h3>\n<p>Dnia 5 grudnia 2013r. z okazji\u00a0DNIA WOLONTARIUSZA\u00a0\u00a0Stowarzyszenie &#8222;Rado\u015b\u0107 Trzeciego Wieku zosta\u0142o nagrodzone statueyk\u0105\u00a0&#8222;POMAGAM POMAGA\u0106 2013&#8221;<\/p>\n<p><a href=\"http:\/\/www.aktywnyseniormm.pl\/wp-content\/uploads\/2017\/07\/wyroznienia3-1.jpg\"><img loading=\"lazy\" decoding=\"async\" class=\"aligncenter size-medium wp-image-1345\" src=\"http:\/\/www.aktywnyseniormm.pl\/wp-content\/uploads\/2017\/07\/wyroznienia3-1-225x300.jpg\" alt=\"\" width=\"225\" height=\"300\" srcset=\"https:\/\/www.aktywnyseniormm.pl\/wp-content\/uploads\/2017\/07\/wyroznienia3-1-225x300.jpg 225w, https:\/\/www.aktywnyseniormm.pl\/wp-content\/uploads\/2017\/07\/wyroznienia3-1.jpg 450w\" sizes=\"auto, (max-width: 225px) 100vw, 225px\" \/><\/a><\/p>\n<h3><strong>25 kwietnia 2013r.\u00a0<\/strong>Walne Sprawozdawcze Zebranie Cz\u0142onk\u00f3w RTW<\/h3>\n<p>Zarz\u0105d Stowarzyszenia z\u0142ozy\u0142 sprawozdanie z dzia\u0142alno\u015bci merytorycznej i finansowe. Przyjeto przedstawione sprawozdania i udzielono Zarzadowi absolutorium za rok 2012. Przyjeto przedstawione plany: merytoryczny i finansowy na 2013r.<\/p>\n<h3>22.11.2012r<\/h3>\n<p>Uchwal\u0105 Nadzwyczajnego Walnego Zebrania Cz\u0142onk\u00f3w Stowarzyszenia &#8222;RTW&#8221;, do statutu wprowadzono zapis o prowadzeniu, przez Stowarzyszenie &#8222;RTW&#8221;,\u00a0Mi\u0144skiego Uniwersytetu Trzeciego Wieku.<\/p>\n<h3><strong>10.05.2012<\/strong><strong>\u00a0\u00a0\u00a0Walne Sprawozdawczo Wyborcze Zebranie Cz\u0142onk\u00f3w Stowarzyszenia &#8222;RTW&#8221;<br \/>\n<\/strong><\/h3>\n<p>Zarz\u0105d Stowarzyszenia z\u0142o\u017cy\u0142 sprawozdanie z dzia\u0142alno\u015bci merytorycznej i gospodarki finansowej. Udzielono absolutorium Zarz\u0105dowi za rok 2011 Przyj\u0119to plan merytoryczny i finansowy na 2012r Dokonano wyboru Zarz\u0105du i Komisji Rewizyjnej na nast\u0119pn\u0105 kadencj\u0119 Sk\u0142ad Zarz\u0105du i Komisji Rewizyjnej pozosta\u0142 bez zmian Przyznano\u00a0tytu\u0142 Honorowego Cz\u0142onka Stowarzyszenia &#8222;RTW&#8221; dla\u00a0Leszka Celeja<\/p>\n<h3><strong>16.02.2012\u00a0\u00a0<\/strong><strong>\u00a0 <\/strong><\/h3>\n<p><strong>Uroczysto\u015b\u0107 z okazji<\/strong>\u00a05 lecia powstania Mi\u0144skiego Uniwersytetu Trzeciego Wieku<\/p>\n<h2><strong>19.05.2011<\/strong><strong>\u00a0\u00a0&#8211;\u00a0 Walne Zebranie Cz\u0142onk\u00f3w Stowarzyszenia &#8222;RTW&#8221; . <\/strong><\/h2>\n<p>Sprawozdanie Zarz\u0105du z dzia\u0142alno\u015bci merytorycznej i gospodarki finansowej. Udzielenie absolutorium Zarz\u0105dowi za rok 2010 Przyj\u0119cie planu merytorycznego i finansowego na rok 2011, Zmiana na funkcji skarbnika Zarz\u0105du\/ust\u0105pi\u0142a kol. Anna R\u017cysko, wybrano kol. Wand\u0119 Ko\u015bci\u0144sk\u0105\/. Podj\u0119cie uchwa\u0142y o przyznaniu tytu\u0142u Honorowego Cz\u0142onka Stowarzyszenia &#8222;RTW&#8221; dlaZbigniewa Marka Parola<\/p>\n<h3><strong>30.09.2010<\/strong><\/h3>\n<p>powo\u0142anie Rady Programowej<\/p>\n<h3><strong>kwiecie\u0144 2010r.<\/strong><\/h3>\n<p>porozumienie z Dyrekcj\u0105 MDK w sprawie przej\u0119cia przez Stowarzyszenie prowadzenia MUTW<\/p>\n<h3><strong>25.02.2010r<\/strong>\u00a0<strong>Walne Zebranie Cz\u0142onk\u00f3w Stowarzyszenia &#8222;RTW&#8221;<\/strong><\/h3>\n<p>Sprawozdanie Zarz\u0105du\u00a0 z dzia\u0142alno\u015bci merytorycznej i gospodarki finansowej. Udzielenie absolutorium Zarz\u0105dowi za rok 2009. Przyj\u0119cie planu merytorycznego i finansowego na rok 2010<\/p>\n<div class=\"n module-type-text diyfeLiveArea \">\n<h3><strong>08.10.2009r<\/strong>\u00a0<strong>-Walne Zebranie Cz\u0142onk\u00f3w Stowarzyszenia &#8222;RTW&#8221;<\/strong><\/h3>\n<p>podj\u0119cie uchwa\u0142y o przyznaniu tytu\u0142u Honorowego Cz\u0142onka Stowarzyszenia &#8222;RTW&#8221; dla p.\u00a0Marianny\u00a0G\u00f3rskiej.\u00a0Przyj\u0119cie Logo Stowarzyszenia<\/p>\n<p><a href=\"http:\/\/www.aktywnyseniormm.pl\/wp-content\/uploads\/2017\/07\/logo-SRTW.jpg\"><img loading=\"lazy\" decoding=\"async\" class=\"aligncenter size-medium wp-image-15\" src=\"http:\/\/www.aktywnyseniormm.pl\/wp-content\/uploads\/2017\/07\/logo-SRTW-300x300.jpg\" alt=\"\" width=\"300\" height=\"300\" \/><\/a><\/p>\n<h3><strong>lipiec 2009r.<\/strong><\/h3>\n<p>rozmowy w Banku Sp\u00f3\u0142dzielczym i Urz\u0119dach Statystycznym i Skarbowym -za\u0142atwianie nr konta, REGONU i NIP<\/p>\n<h3><strong>10.07.2009 r<\/strong><\/h3>\n<p>decyzja o \u00a0zarejestrowaniu Stowarzyszenia &#8222;Rado\u015b\u0107 Trzeciego Wieku&#8221; w Krajowym Rejestrze S\u0105dowym pod numerem 0000333146<\/p>\n<h3><strong>22.06.2009r\u00a0-Walne Zebranie Cz\u0142onk\u00f3w Stowarzyszenia &#8222;Rado\u015b\u0107 Trzeciego Wieku&#8221; ( 34 osoby). <\/strong><\/h3>\n<p>Wyb\u00f3r Zarz\u0105du i Komisji Rewizyjnej<\/p>\n<p><strong>Sk\u0142ad Zarz\u0105du:<\/strong><br \/>\nJerzy Maciejewski \u00a0 \u00a0 \u00a0 \u00a0 \u00a0 Prezes<br \/>\nMaria Wocial \u00a0 \u00a0 \u00a0 \u00a0 \u00a0 \u00a0 \u00a0 \u00a0 \u00a0 Wiceprezes<br \/>\nAntoni Zawadzki \u00a0 \u00a0 \u00a0 \u00a0 \u00a0 \u00a0 Wiceprezes<br \/>\nJadwiga Maciejewska \u00a0 \u00a0Sekretarz<br \/>\nAnna R\u017cysko \u00a0 \u00a0 \u00a0 \u00a0 \u00a0 \u00a0 \u00a0 \u00a0 \u00a0 \u00a0Skarbnik<br \/>\nTeresa Mularz \u00a0 \u00a0 \u00a0 \u00a0 \u00a0 \u00a0 \u00a0 \u00a0 Cz\u0142onek<br \/>\nAlicja Zwierz \u00a0 \u00a0 \u00a0 \u00a0 \u00a0 \u00a0 \u00a0 \u00a0 \u00a0 \u00a0Cz\u0142onek<\/p>\n<p><strong>Sk\u0142ad Komisji Rewizyjnej:<\/strong><br \/>\nKazimiera Ciemi\u0119s \u00a0 \u00a0 \u00a0 \u00a0 \u00a0Przewodnicz\u0105ca<br \/>\nBarbara Bieda \u00a0 \u00a0 \u00a0 \u00a0 \u00a0 \u00a0 \u00a0 \u00a0 \u00a0Cz\u0142onek<br \/>\nJanina Brauli\u0144ska \u00a0 \u00a0 \u00a0 \u00a0 \u00a0 \u00a0Cz\u0142onek<\/p>\n<h3><strong>18.05.209 r<\/strong><\/h3>\n<p>Nowelizacja Statutu zgodnie z zaleceniami s\u0105du. Przyst\u0105pienie do rozm\u00f3w\u00a0 z Dyrekcj\u0105 MDK w sprawie wsp\u00f3\u0142pracy pomi\u0119dzy Stowarzyszeniem a MDK<\/p>\n<h3><strong>03.04.2009r<\/strong>\u00a0<strong>&#8211; zebranie za\u0142o\u017cycielskie Stowarzyszenia &#8222;Rado\u015b\u0107 Trzeciego Wieku&#8221;( 26 os\u00f3b)<br \/>\n<\/strong><\/h3>\n<p>Podj\u0119cie uchwa\u0142y o za\u0142o\u017ceniu Stowarzyszenia, przyj\u0119cie statutu, wybranie Komitetu Za\u0142o\u017cycielskiego<\/p>\n<h3><strong>26.02 2009r<\/strong>\u00a0<strong>&#8211; spotkanie grupy s\u0142uchaczy( 17 os\u00f3b) \u00a0MUTW\u00a0<\/strong><\/h3>\n<p>powo\u0142anie grupy inicjatywnej do utworzenia Stowarzyszenia &#8211; 9 os\u00f3b Podzia\u0142 zada\u0144 zwi\u0105zanych z opracowaniem Statutu Stowarzyszenia<\/p>\n<\/div>\n","protected":false},"excerpt":{"rendered":"<p>9 maja 2019 r. Walne\u00a0 Sprawozdawcze Zebranie Cz\u0142onk\u00f3w Na zebraniu Zarz\u0105d przedstawi\u0142 sprawozdanie merytoryczne i finansowe\u00a0 za 2018 rok. Zebranie zatwierdzi\u0142o przedstawione sprawozdania i udzieli\u0142o Zarz\u0105dowi absolutorium Przyj\u0119to \u015blubowanie\u00a0 przyj\u0119tych nowych cz\u0142onk\u00f3w 8 pa\u017adziernika 2018 r. dokonano zmiany w sk\u0142adzie\u00a0 Rady S\u0142uchaczy Aktualny sk\u0142ad: Ewa Gutkowska\u00a0 &#8211; przewodnicz\u0105ca Joanna Suchocka\u00a0 &#8211; zast\u0119pca Maria Piechowicz &#8211; skarbnik Hanna Mirosz Papis\u00a0 &#8211; <span class=\"more-button\"><a class=\"more-link\" href=\"https:\/\/www.aktywnyseniormm.pl\/index.php\/historia\/\">Czytaj ca\u0142o\u015b\u0107<\/a><\/span><\/p>\n","protected":false},"author":1,"featured_media":0,"parent":0,"menu_order":0,"comment_status":"closed","ping_status":"closed","template":"","meta":{"footnotes":""},"class_list":["post-116","page","type-page","status-publish","hentry"],"_links":{"self":[{"href":"https:\/\/www.aktywnyseniormm.pl\/index.php\/wp-json\/wp\/v2\/pages\/116","targetHints":{"allow":["GET"]}}],"collection":[{"href":"https:\/\/www.aktywnyseniormm.pl\/index.php\/wp-json\/wp\/v2\/pages"}],"about":[{"href":"https:\/\/www.aktywnyseniormm.pl\/index.php\/wp-json\/wp\/v2\/types\/page"}],"author":[{"embeddable":true,"href":"https:\/\/www.aktywnyseniormm.pl\/index.php\/wp-json\/wp\/v2\/users\/1"}],"replies":[{"embeddable":true,"href":"https:\/\/www.aktywnyseniormm.pl\/index.php\/wp-json\/wp\/v2\/comments?post=116"}],"version-history":[{"count":14,"href":"https:\/\/www.aktywnyseniormm.pl\/index.php\/wp-json\/wp\/v2\/pages\/116\/revisions"}],"predecessor-version":[{"id":6677,"href":"https:\/\/www.aktywnyseniormm.pl\/index.php\/wp-json\/wp\/v2\/pages\/116\/revisions\/6677"}],"wp:attachment":[{"href":"https:\/\/www.aktywnyseniormm.pl\/index.php\/wp-json\/wp\/v2\/media?parent=116"}],"curies":[{"name":"wp","href":"https:\/\/api.w.org\/{rel}","templated":true}]}}