{"id":102,"date":"2017-07-28T09:29:29","date_gmt":"2017-07-28T07:29:29","guid":{"rendered":"http:\/\/serwer1734277.home.pl\/?page_id=102"},"modified":"2017-08-17T12:07:20","modified_gmt":"2017-08-17T10:07:20","slug":"ciekawe-linki","status":"publish","type":"page","link":"https:\/\/www.aktywnyseniormm.pl\/index.php\/prawe-menu\/ciekawe-linki\/","title":{"rendered":"Ciekawe linki"},"content":{"rendered":"<p style=\"text-align: center;\">[efb_likebox fanpage_url=&#8221;https:\/\/www.facebook.com\/Mi%C5%84ski-Uniwersytet-Trzeciego-Wieku-110052665739927\/&#8221; box_width=&#8221;1200&#8243; box_height=&#8221;&#8221; \u00a0responsive=&#8221;1&#8243; show_faces=&#8221;1&#8243; show_stream=&#8221;0&#8243; hide_cover=&#8221;0&#8243; small_header=&#8221;1&#8243; hide_cta=&#8221;0&#8243; locale=&#8221;pl_PL&#8221;]<\/p>\n<table class=\" aligncenter\">\n<tbody>\n<tr>\n<td style=\"vertical-align: top; text-align: center;\">\n<p><div id=\"attachment_683\" style=\"width: 310px\" class=\"wp-caption aligncenter\"><a href=\"http:\/\/www.powiatminski.pl\/\"><img loading=\"lazy\" decoding=\"async\" aria-describedby=\"caption-attachment-683\" class=\"size-medium wp-image-683\" src=\"http:\/\/www.aktywnyseniormm.pl\/wp-content\/uploads\/2017\/07\/01powiat-300x150.png\" alt=\"Starostwo Powiatowe w Mi\u0144sku Mazowieckim\" width=\"300\" height=\"150\" srcset=\"https:\/\/www.aktywnyseniormm.pl\/wp-content\/uploads\/2017\/07\/01powiat-300x150.png 300w, https:\/\/www.aktywnyseniormm.pl\/wp-content\/uploads\/2017\/07\/01powiat.png 600w\" sizes=\"auto, (max-width: 300px) 100vw, 300px\" \/><\/a><p id=\"caption-attachment-683\" class=\"wp-caption-text\">Starostwo Powiatowe w Mi\u0144sku Mazowieckim<\/p><\/div><\/td>\n<td style=\"vertical-align: top; text-align: center;\">\n<p><div id=\"attachment_684\" style=\"width: 310px\" class=\"wp-caption aligncenter\"><a href=\"http:\/\/www.minsk-maz.pl\/\"><img loading=\"lazy\" decoding=\"async\" aria-describedby=\"caption-attachment-684\" class=\"size-medium wp-image-684\" src=\"http:\/\/www.aktywnyseniormm.pl\/wp-content\/uploads\/2017\/07\/02-miasto-300x150.png\" alt=\"Urz\u0105d Miasta Mi\u0144sk Mazowieckim\" width=\"300\" height=\"150\" srcset=\"https:\/\/www.aktywnyseniormm.pl\/wp-content\/uploads\/2017\/07\/02-miasto-300x150.png 300w, https:\/\/www.aktywnyseniormm.pl\/wp-content\/uploads\/2017\/07\/02-miasto.png 600w\" sizes=\"auto, (max-width: 300px) 100vw, 300px\" \/><\/a><p id=\"caption-attachment-684\" class=\"wp-caption-text\">Urz\u0105d Miasta Mi\u0144sk Mazowieckim<\/p><\/div><\/td>\n<\/tr>\n<tr>\n<td style=\"vertical-align: top; text-align: center;\">\n<p><div id=\"attachment_693\" style=\"width: 310px\" class=\"wp-caption aligncenter\"><a href=\"http:\/\/www.ulani-minskmaz.home.pl\/\"><img loading=\"lazy\" decoding=\"async\" aria-describedby=\"caption-attachment-693\" class=\"wp-image-693 size-medium\" src=\"http:\/\/www.aktywnyseniormm.pl\/wp-content\/uploads\/2017\/07\/03-mzm-300x150.png\" alt=\"Muzeum Ziemi Mi\u0144skiej Dzia\u0142 7. Pu\u0142ku U\u0142an\u00f3w Lubelskich\" width=\"300\" height=\"150\" srcset=\"https:\/\/www.aktywnyseniormm.pl\/wp-content\/uploads\/2017\/07\/03-mzm-300x150.png 300w, https:\/\/www.aktywnyseniormm.pl\/wp-content\/uploads\/2017\/07\/03-mzm.png 600w\" sizes=\"auto, (max-width: 300px) 100vw, 300px\" \/><\/a><p id=\"caption-attachment-693\" class=\"wp-caption-text\">Muzeum Ziemi Mi\u0144skiej Dzia\u0142 7. Pu\u0142ku U\u0142an\u00f3w Lubelskich<\/p><\/div><\/td>\n<td style=\"vertical-align: top; text-align: center;\">\n<p><div id=\"attachment_685\" style=\"width: 310px\" class=\"wp-caption aligncenter\"><a href=\"http:\/\/www.mdkmm.pl\/\"><img loading=\"lazy\" decoding=\"async\" aria-describedby=\"caption-attachment-685\" class=\"size-medium wp-image-685\" src=\"http:\/\/www.aktywnyseniormm.pl\/wp-content\/uploads\/2017\/07\/04-mdk-300x150.png\" alt=\"Miejski Dom Kultury w Mi\u0144sku Mazowieckim\" width=\"300\" height=\"150\" srcset=\"https:\/\/www.aktywnyseniormm.pl\/wp-content\/uploads\/2017\/07\/04-mdk-300x150.png 300w, https:\/\/www.aktywnyseniormm.pl\/wp-content\/uploads\/2017\/07\/04-mdk.png 600w\" sizes=\"auto, (max-width: 300px) 100vw, 300px\" \/><\/a><p id=\"caption-attachment-685\" class=\"wp-caption-text\">Miejski Dom Kultury w Mi\u0144sku Mazowieckim<\/p><\/div><\/td>\n<\/tr>\n<tr>\n<td style=\"vertical-align: top; text-align: center;\">\n<p><div id=\"attachment_686\" style=\"width: 310px\" class=\"wp-caption aligncenter\"><a href=\"http:\/\/www.mbpmm.pl\/\"><img loading=\"lazy\" decoding=\"async\" aria-describedby=\"caption-attachment-686\" class=\"size-medium wp-image-686\" src=\"http:\/\/www.aktywnyseniormm.pl\/wp-content\/uploads\/2017\/07\/05-mbp-300x150.png\" alt=\"Miejska Biblioteka Publiczna w Mi\u0144sku Mazowieckim\" width=\"300\" height=\"150\" srcset=\"https:\/\/www.aktywnyseniormm.pl\/wp-content\/uploads\/2017\/07\/05-mbp-300x150.png 300w, https:\/\/www.aktywnyseniormm.pl\/wp-content\/uploads\/2017\/07\/05-mbp.png 600w\" sizes=\"auto, (max-width: 300px) 100vw, 300px\" \/><\/a><p id=\"caption-attachment-686\" class=\"wp-caption-text\">Miejska Biblioteka Publiczna w Mi\u0144sku Mazowieckim<\/p><\/div><\/td>\n<td style=\"vertical-align: top; text-align: center;\">\n<p><div id=\"attachment_688\" style=\"width: 310px\" class=\"wp-caption aligncenter\"><a href=\"http:\/\/www.tpmm.pl\/\"><img loading=\"lazy\" decoding=\"async\" aria-describedby=\"caption-attachment-688\" class=\"size-medium wp-image-688\" src=\"http:\/\/www.aktywnyseniormm.pl\/wp-content\/uploads\/2017\/07\/07-tpmm-300x150.png\" alt=\"Towarzystwo Przyjaci\u00f3\u0142 Mi\u0144ska Mazowieckiego\" width=\"300\" height=\"150\" srcset=\"https:\/\/www.aktywnyseniormm.pl\/wp-content\/uploads\/2017\/07\/07-tpmm-300x150.png 300w, https:\/\/www.aktywnyseniormm.pl\/wp-content\/uploads\/2017\/07\/07-tpmm.png 600w\" sizes=\"auto, (max-width: 300px) 100vw, 300px\" \/><\/a><p id=\"caption-attachment-688\" class=\"wp-caption-text\">Towarzystwo Przyjaci\u00f3\u0142 Mi\u0144ska Mazowieckiego<\/p><\/div><\/td>\n<\/tr>\n<tr>\n<td style=\"vertical-align: top; text-align: center;\">\n<p><div id=\"attachment_687\" style=\"width: 310px\" class=\"wp-caption aligncenter\"><a href=\"http:\/\/www.strefaminsk.pl\/\"><img loading=\"lazy\" decoding=\"async\" aria-describedby=\"caption-attachment-687\" class=\"size-medium wp-image-687\" src=\"http:\/\/www.aktywnyseniormm.pl\/wp-content\/uploads\/2017\/07\/06-strefa-300x150.png\" alt=\"Strefa Mi\u0144sk\" width=\"300\" height=\"150\" srcset=\"https:\/\/www.aktywnyseniormm.pl\/wp-content\/uploads\/2017\/07\/06-strefa-300x150.png 300w, https:\/\/www.aktywnyseniormm.pl\/wp-content\/uploads\/2017\/07\/06-strefa.png 600w\" sizes=\"auto, (max-width: 300px) 100vw, 300px\" \/><\/a><p id=\"caption-attachment-687\" class=\"wp-caption-text\">Strefa Mi\u0144sk<\/p><\/div><\/td>\n<td style=\"vertical-align: top; text-align: center;\">\n<p><div id=\"attachment_689\" style=\"width: 310px\" class=\"wp-caption aligncenter\"><a href=\"http:\/\/minskmaz.com\/\"><img loading=\"lazy\" decoding=\"async\" aria-describedby=\"caption-attachment-689\" class=\"size-medium wp-image-689\" src=\"http:\/\/www.aktywnyseniormm.pl\/wp-content\/uploads\/2017\/07\/08-mmcom-300x150.png\" alt=\"Wirtualny Mi\u0144sk Mazowiecki\" width=\"300\" height=\"150\" srcset=\"https:\/\/www.aktywnyseniormm.pl\/wp-content\/uploads\/2017\/07\/08-mmcom-300x150.png 300w, https:\/\/www.aktywnyseniormm.pl\/wp-content\/uploads\/2017\/07\/08-mmcom.png 600w\" sizes=\"auto, (max-width: 300px) 100vw, 300px\" \/><\/a><p id=\"caption-attachment-689\" class=\"wp-caption-text\">Wirtualny Mi\u0144sk Mazowiecki<\/p><\/div><\/td>\n<\/tr>\n<tr>\n<td style=\"vertical-align: top; text-align: center;\">\n<p><div id=\"attachment_690\" style=\"width: 310px\" class=\"wp-caption aligncenter\"><a href=\"http:\/\/ksenior.pl\/\"><img loading=\"lazy\" decoding=\"async\" aria-describedby=\"caption-attachment-690\" class=\"size-medium wp-image-690\" src=\"http:\/\/www.aktywnyseniormm.pl\/wp-content\/uploads\/2017\/07\/09-seniorpl-300x150.png\" alt=\"ksenior.pl - wideokursy dla Seniora i nie tylko\" width=\"300\" height=\"150\" srcset=\"https:\/\/www.aktywnyseniormm.pl\/wp-content\/uploads\/2017\/07\/09-seniorpl-300x150.png 300w, https:\/\/www.aktywnyseniormm.pl\/wp-content\/uploads\/2017\/07\/09-seniorpl.png 600w\" sizes=\"auto, (max-width: 300px) 100vw, 300px\" \/><\/a><p id=\"caption-attachment-690\" class=\"wp-caption-text\">ksenior.pl &#8211; wideokursy dla Seniora i nie tylko<\/p><\/div><\/td>\n<td style=\"vertical-align: top; text-align: center;\">\n<p><div id=\"attachment_692\" style=\"width: 310px\" class=\"wp-caption aligncenter\"><a href=\"https:\/\/senioralna.pl\/\"><img loading=\"lazy\" decoding=\"async\" aria-describedby=\"caption-attachment-692\" class=\"size-medium wp-image-692\" src=\"http:\/\/www.aktywnyseniormm.pl\/wp-content\/uploads\/2017\/07\/11-senioralna-300x150.png\" alt=\"Senioralna TV\" width=\"300\" height=\"150\" srcset=\"https:\/\/www.aktywnyseniormm.pl\/wp-content\/uploads\/2017\/07\/11-senioralna-300x150.png 300w, https:\/\/www.aktywnyseniormm.pl\/wp-content\/uploads\/2017\/07\/11-senioralna.png 600w\" sizes=\"auto, (max-width: 300px) 100vw, 300px\" \/><\/a><p id=\"caption-attachment-692\" class=\"wp-caption-text\">Senioralna TV<\/p><\/div><\/td>\n<\/tr>\n<tr>\n<td style=\"vertical-align: top; text-align: center;\">\n<p><div id=\"attachment_691\" style=\"width: 310px\" class=\"wp-caption aligncenter\"><a href=\"http:\/\/rozklady.nocowanie.pl\/przewoznik\/pkp_rozklady_jazdy\/www,1\"><img loading=\"lazy\" decoding=\"async\" aria-describedby=\"caption-attachment-691\" class=\"size-medium wp-image-691\" src=\"http:\/\/www.aktywnyseniormm.pl\/wp-content\/uploads\/2017\/07\/10-pkp-300x150.png\" alt=\"Rozk\u0142ad PKP\" width=\"300\" height=\"150\" srcset=\"https:\/\/www.aktywnyseniormm.pl\/wp-content\/uploads\/2017\/07\/10-pkp-300x150.png 300w, https:\/\/www.aktywnyseniormm.pl\/wp-content\/uploads\/2017\/07\/10-pkp.png 600w\" sizes=\"auto, (max-width: 300px) 100vw, 300px\" \/><\/a><p id=\"caption-attachment-691\" class=\"wp-caption-text\">Rozk\u0142ad PKP<\/p><\/div><\/td>\n<td style=\"vertical-align: top; text-align: center;\"><\/td>\n<\/tr>\n<\/tbody>\n<\/table>\n","protected":false},"excerpt":{"rendered":"<p>[efb_likebox fanpage_url=&#8221;https:\/\/www.facebook.com\/Mi%C5%84ski-Uniwersytet-Trzeciego-Wieku-110052665739927\/&#8221; box_width=&#8221;1200&#8243; box_height=&#8221;&#8221; \u00a0responsive=&#8221;1&#8243; show_faces=&#8221;1&#8243; show_stream=&#8221;0&#8243; hide_cover=&#8221;0&#8243; small_header=&#8221;1&#8243; hide_cta=&#8221;0&#8243; locale=&#8221;pl_PL&#8221;]<\/p>\n","protected":false},"author":1,"featured_media":0,"parent":53,"menu_order":0,"comment_status":"closed","ping_status":"closed","template":"","meta":{"footnotes":""},"class_list":["post-102","page","type-page","status-publish","hentry"],"_links":{"self":[{"href":"https:\/\/www.aktywnyseniormm.pl\/index.php\/wp-json\/wp\/v2\/pages\/102","targetHints":{"allow":["GET"]}}],"collection":[{"href":"https:\/\/www.aktywnyseniormm.pl\/index.php\/wp-json\/wp\/v2\/pages"}],"about":[{"href":"https:\/\/www.aktywnyseniormm.pl\/index.php\/wp-json\/wp\/v2\/types\/page"}],"author":[{"embeddable":true,"href":"https:\/\/www.aktywnyseniormm.pl\/index.php\/wp-json\/wp\/v2\/users\/1"}],"replies":[{"embeddable":true,"href":"https:\/\/www.aktywnyseniormm.pl\/index.php\/wp-json\/wp\/v2\/comments?post=102"}],"version-history":[{"count":16,"href":"https:\/\/www.aktywnyseniormm.pl\/index.php\/wp-json\/wp\/v2\/pages\/102\/revisions"}],"predecessor-version":[{"id":704,"href":"https:\/\/www.aktywnyseniormm.pl\/index.php\/wp-json\/wp\/v2\/pages\/102\/revisions\/704"}],"up":[{"embeddable":true,"href":"https:\/\/www.aktywnyseniormm.pl\/index.php\/wp-json\/wp\/v2\/pages\/53"}],"wp:attachment":[{"href":"https:\/\/www.aktywnyseniormm.pl\/index.php\/wp-json\/wp\/v2\/media?parent=102"}],"curies":[{"name":"wp","href":"https:\/\/api.w.org\/{rel}","templated":true}]}}